{"id":9,"date":"2025-05-19T14:27:20","date_gmt":"2025-05-19T14:27:20","guid":{"rendered":"https:\/\/cesar.resinfo.org\/wordpress\/?page_id=9"},"modified":"2025-07-02T06:10:30","modified_gmt":"2025-07-02T06:10:30","slug":"vvt-2025","status":"publish","type":"page","link":"https:\/\/cesar.resinfo.org\/wordpress\/index.php\/vvt-2025\/","title":{"rendered":"VVT 2025"},"content":{"rendered":"\n<figure class=\"wp-block-gallery has-nested-images columns-default is-cropped wp-block-gallery-1 is-layout-flex wp-block-gallery-is-layout-flex\"><\/figure>\n\n\n\n<p>Tout d&#8217;abord, un grand Merci aux coll\u00e8gues qui se sont&nbsp;manifest\u00e9s et ont r\u00e9pondu \u00e0 l&#8217;appel \u00e0 contributions, le programme 2025 est boucl\u00e9 !&nbsp;<\/p>\n\n\n\n<p>Voici un petit aper\u00e7u du programme : &nbsp;<a href=\"https:\/\/indico.mathrice.fr\/event\/691\/\">https:\/\/indico.mathrice.fr\/event\/691\/<\/a><\/p>\n\n\n\n<div class=\"wp-block-columns is-layout-flex wp-container-core-columns-is-layout-9d6595d7 wp-block-columns-is-layout-flex\">\n<div class=\"wp-block-column is-layout-flow wp-block-column-is-layout-flow\" style=\"flex-basis:100%\">\n<figure class=\"wp-block-table\"><table class=\"has-fixed-layout\"><tbody><tr><td class=\"has-text-align-center\" data-align=\"center\">9h30 &#8211; 9h45<\/td><td class=\"has-text-align-center\" data-align=\"center\">Introduction de la journ\u00e9e<\/td><td class=\"has-text-align-center\" data-align=\"center\">COPIL CESAR<\/td><td><a href=\"https:\/\/cesar.resinfo.org\/wordpress\/wp-content\/uploads\/2025\/06\/1-Copil-CESAR-matin-programme-1.pptx\">https:\/\/cesar.resinfo.org\/wordpress\/wp-content\/uploads\/2025\/06\/1-Copil-CESAR-matin-programme-1.pptx<\/a><\/td><\/tr><tr><td class=\"has-text-align-center\" data-align=\"center\">9h45 &#8211; 10h05<\/td><td class=\"has-text-align-center\" data-align=\"center\">IA vs BN: Peut-on remplacer les \u00e9tudiants ?<\/td><td class=\"has-text-align-center\" data-align=\"center\">Arnaud F\u00e9vrier<\/td><td><a href=\"https:\/\/cesar.resinfo.org\/wordpress\/wp-content\/uploads\/2025\/06\/2-Arnaud-FEVRIER-IAvsBN-2-1.pdf\">https:\/\/cesar.resinfo.org\/wordpress\/wp-content\/uploads\/2025\/06\/2-Arnaud-FEVRIER-IAvsBN-2-1.pdf<\/a><\/td><\/tr><tr><td class=\"has-text-align-center\" data-align=\"center\">10h05 &#8211; 10h25<\/td><td class=\"has-text-align-center\" data-align=\"center\">Plateforme web mutualis\u00e9e<\/td><td class=\"has-text-align-center\" data-align=\"center\">Sebastien Beaudlot<\/td><td><a href=\"https:\/\/cesar.resinfo.org\/wordpress\/wp-content\/uploads\/2025\/06\/3-Sebastien-BEAUDLOT-Plateforme_Web_Avignon_Universite-1.pdf\">https:\/\/cesar.resinfo.org\/wordpress\/wp-content\/uploads\/2025\/06\/3-Sebastien-BEAUDLOT-Plateforme_Web_Avignon_Universite-1.pdf<\/a><\/td><\/tr><tr><td class=\"has-text-align-center\" data-align=\"center\">10h25 &#8211; 10h45<\/td><td class=\"has-text-align-center\" data-align=\"center\">Quand Samba danse le Mambo<\/td><td class=\"has-text-align-center\" data-align=\"center\">Arnaud Cruzel<\/td><td><a href=\"https:\/\/cesar.resinfo.org\/wordpress\/wp-content\/uploads\/2025\/06\/4-Arnaud-CRUZEL-Samba-Mambo-1.pdf\">https:\/\/cesar.resinfo.org\/wordpress\/wp-content\/uploads\/2025\/06\/4-Arnaud-CRUZEL-Samba-Mambo-1.pdf<\/a><\/td><\/tr><tr><td class=\"has-text-align-center\" data-align=\"center\">10h45 &#8211; 10h55<\/td><td class=\"has-text-align-center\" data-align=\"center\">Pause caf\u00e9<\/td><td class=\"has-text-align-center\" data-align=\"center\"><\/td><td><\/td><\/tr><tr><td class=\"has-text-align-center\" data-align=\"center\">10h55 &#8211; 11h35<\/td><td class=\"has-text-align-center\" data-align=\"center\">NextCloud : Conserver le lien en cas de cyberattaque<\/td><td class=\"has-text-align-center\" data-align=\"center\">NOVENCI<\/td><td><\/td><\/tr><tr><td class=\"has-text-align-center\" data-align=\"center\">11h35 &#8211; 12h15<\/td><td class=\"has-text-align-center\" data-align=\"center\">Maintenir \u00e0 jour 1000+ serveurs Debian<\/td><td class=\"has-text-align-center\" data-align=\"center\">EVOLIX<\/td><td><a href=\"https:\/\/cesar.resinfo.org\/wordpress\/wp-content\/uploads\/2025\/07\/evolix-vvt-2025.pdf\">https:\/\/cesar.resinfo.org\/wordpress\/wp-content\/uploads\/2025\/07\/evolix-vvt-2025.pdf<\/a><\/td><\/tr><tr><td class=\"has-text-align-center\" data-align=\"center\">12h15 &#8211; 14h15<\/td><td class=\"has-text-align-center\" data-align=\"center\">Pause d\u00e9jeuner<\/td><td class=\"has-text-align-center\" data-align=\"center\"><\/td><td><\/td><\/tr><tr><td class=\"has-text-align-center\" data-align=\"center\">14h15 &#8211; 14h30<\/td><td class=\"has-text-align-center\" data-align=\"center\">Acutalit\u00e9s CESAR<\/td><td class=\"has-text-align-center\" data-align=\"center\">COPIL CESAR<\/td><td><a href=\"https:\/\/cesar.resinfo.org\/wordpress\/wp-content\/uploads\/2025\/06\/9-Copil-CESAR-aprem-actualites-reseau-1.pptx\">https:\/\/cesar.resinfo.org\/wordpress\/wp-content\/uploads\/2025\/06\/9-Copil-CESAR-aprem-actualites-reseau-1.pptx<\/a><\/td><\/tr><tr><td class=\"has-text-align-center\" data-align=\"center\">14h30 &#8211; 15h10<\/td><td class=\"has-text-align-center\" data-align=\"center\">Retex sur l&#8217;attaque IBDM<\/td><td class=\"has-text-align-center\" data-align=\"center\">M. Kourilsky, F. Lichnowski, Th. Dostes<\/td><td><a href=\"https:\/\/cesar.resinfo.org\/wordpress\/wp-content\/uploads\/2025\/06\/10-Franck-LICHNOWSKY-Retex-IBDM-1.pptx\">https:\/\/cesar.resinfo.org\/wordpress\/wp-content\/uploads\/2025\/06\/10-Franck-LICHNOWSKY-Retex-IBDM-1.pptx<\/a><\/td><\/tr><tr><td class=\"has-text-align-center\" data-align=\"center\">15h10 &#8211; 15h40 <\/td><td class=\"has-text-align-center\" data-align=\"center\">Pause caf\u00e9<\/td><td class=\"has-text-align-center\" data-align=\"center\"><\/td><td><\/td><\/tr><tr><td class=\"has-text-align-center\" data-align=\"center\">15h40 &#8211; 16h00<\/td><td class=\"has-text-align-center\" data-align=\"center\">Qubes: un OS schizo, amn\u00e9sique et parano pour une hygi\u00e8ne informatique en toute s\u00e9r\u00e9nit\u00e9<\/td><td class=\"has-text-align-center\" data-align=\"center\">Nour Baker<\/td><td><a href=\"https:\/\/cesar.resinfo.org\/wordpress\/wp-content\/uploads\/2025\/07\/qubes_Nour_Baker.pdf\">https:\/\/cesar.resinfo.org\/wordpress\/wp-content\/uploads\/2025\/07\/qubes_Nour_Baker.pdf<\/a><\/td><\/tr><tr><td class=\"has-text-align-center\" data-align=\"center\">16h &#8211; 16h20<\/td><td class=\"has-text-align-center\" data-align=\"center\">Retex : mise en place&nbsp; d&#8217;une solution opensource OpenVPN avec l&#8217;authentification multifacteur 2FA<\/td><td class=\"has-text-align-center\" data-align=\"center\">Mohammed Khabzaoui<\/td><td><a href=\"https:\/\/cesar.resinfo.org\/wordpress\/wp-content\/uploads\/2025\/06\/13-Mohammed-KHABZAOUI-auth-multifacteur-1.pdf\">https:\/\/cesar.resinfo.org\/wordpress\/wp-content\/uploads\/2025\/06\/13-Mohammed-KHABZAOUI-auth-multifacteur-1.pdf<\/a><\/td><\/tr><tr><td class=\"has-text-align-center\" data-align=\"center\">16h20 &#8211; 16h40<\/td><td class=\"has-text-align-center\" data-align=\"center\">Outil de visualisation du parc en mode graphique<\/td><td class=\"has-text-align-center\" data-align=\"center\">Emilien Royer<\/td><td><a href=\"https:\/\/cesar.resinfo.org\/wordpress\/wp-content\/uploads\/2025\/06\/14-Emilien-ROYER-visulaisation-parc-1.pdf\">https:\/\/cesar.resinfo.org\/wordpress\/wp-content\/uploads\/2025\/06\/14-Emilien-ROYER-visulaisation-parc-1.pdf<\/a><\/td><\/tr><\/tbody><\/table><\/figure>\n<\/div>\n<\/div>\n\n\n\n<p>Pour les participant.e.s, pensez \u00e0 vous inscrire au plus vite sur le site<\/p>\n\n\n\n<p><strong>Rappel Infos Pratiques Date et Lieu :&nbsp;<\/strong>Vendredi 27 juin sur le campus de la D\u00e9l\u00e9gation CNRS Provence et Corse, \u00e0 l\u2019amphith\u00e9\u00e2tre Desnuelle.<\/p>\n\n\n\n<p><strong>Adresse<\/strong>&nbsp;: 31 Chemin Joseph Aiguier, 13009 Marseille&nbsp;<\/p>\n\n\n\n<p>Pour venir en transport 3 Bus possibles :<\/p>\n\n\n\n<ul class=\"wp-block-list\">\n<li>Bus B1 Arr\u00eat Michelet Bonneaude,&nbsp;<\/li>\n\n\n\n<li>Bus 48 Arr\u00eat Aiguier CNRS,&nbsp;<\/li>\n\n\n\n<li>ou Bus 47 Arr\u00eat Le Brix Michelet ou Michelet Bonneaude<\/li>\n<\/ul>\n\n\n\n<p>Et si vous venez en voiture merci de nous l&#8217;indiquez par retour de mail (pour en informer le poste de garde)<\/p>\n\n\n\n<p>Au plaisir de vous retrouver nombreuses et nombreux !<\/p>\n\n\n\n<p><\/p>\n\n\n","protected":false},"excerpt":{"rendered":"<p>Tout d&#8217;abord, un grand Merci aux coll\u00e8gues qui se sont&nbsp;manifest\u00e9s et ont r\u00e9pondu \u00e0 l&#8217;appel \u00e0 contributions, le programme 2025 est boucl\u00e9 !&nbsp; Voici un petit aper\u00e7u du programme : &nbsp;https:\/\/indico.mathrice.fr\/event\/691\/ 9h30 &#8211; 9h45 Introduction de la journ\u00e9e COPIL CESAR https:\/\/cesar.resinfo.org\/wordpress\/wp-content\/uploads\/2025\/06\/1-Copil-CESAR-matin-programme-1.pptx 9h45 &#8211; 10h05 IA vs BN: Peut-on remplacer les \u00e9tudiants ? Arnaud F\u00e9vrier https:\/\/cesar.resinfo.org\/wordpress\/wp-content\/uploads\/2025\/06\/2-Arnaud-FEVRIER-IAvsBN-2-1.pdf [&hellip;]<\/p>\n","protected":false},"author":2,"featured_media":0,"parent":0,"menu_order":0,"comment_status":"closed","ping_status":"closed","template":"","meta":{"footnotes":"[]"},"class_list":["post-9","page","type-page","status-publish","hentry","entry"],"_links":{"self":[{"href":"https:\/\/cesar.resinfo.org\/wordpress\/index.php\/wp-json\/wp\/v2\/pages\/9","targetHints":{"allow":["GET"]}}],"collection":[{"href":"https:\/\/cesar.resinfo.org\/wordpress\/index.php\/wp-json\/wp\/v2\/pages"}],"about":[{"href":"https:\/\/cesar.resinfo.org\/wordpress\/index.php\/wp-json\/wp\/v2\/types\/page"}],"author":[{"embeddable":true,"href":"https:\/\/cesar.resinfo.org\/wordpress\/index.php\/wp-json\/wp\/v2\/users\/2"}],"replies":[{"embeddable":true,"href":"https:\/\/cesar.resinfo.org\/wordpress\/index.php\/wp-json\/wp\/v2\/comments?post=9"}],"version-history":[{"count":14,"href":"https:\/\/cesar.resinfo.org\/wordpress\/index.php\/wp-json\/wp\/v2\/pages\/9\/revisions"}],"predecessor-version":[{"id":154,"href":"https:\/\/cesar.resinfo.org\/wordpress\/index.php\/wp-json\/wp\/v2\/pages\/9\/revisions\/154"}],"wp:attachment":[{"href":"https:\/\/cesar.resinfo.org\/wordpress\/index.php\/wp-json\/wp\/v2\/media?parent=9"}],"curies":[{"name":"wp","href":"https:\/\/api.w.org\/{rel}","templated":true}]}}