{"id":82,"date":"2025-06-11T13:55:40","date_gmt":"2025-06-11T13:55:40","guid":{"rendered":"https:\/\/cesar.resinfo.org\/wordpress\/?page_id=82"},"modified":"2025-06-11T14:14:37","modified_gmt":"2025-06-11T14:14:37","slug":"vvt-2008","status":"publish","type":"page","link":"https:\/\/cesar.resinfo.org\/wordpress\/index.php\/vvt-2008\/","title":{"rendered":"VVT 2008"},"content":{"rendered":"\n<p><\/p>\n\n\n\n<h2 class=\"wp-block-heading\">Veni, vidi, trinqui 2008<\/h2>\n\n\n\n<p>Cesar, groupe proven\u00e7al du r\u00e9seau RESINFO, annonce pour le <strong>Vendredi 04 Juillet 2008<\/strong> le premier &#8220;Veni, Vidi, Trinqui&#8221;, qui se tiendra \u00e0 l\u2019ESIL, Campus de Luminy, East Huveaune, French California.<\/p>\n\n\n\n<h2 class=\"wp-block-heading\">Objectifs<\/h2>\n\n\n\n<p>La cr\u00e9ation de cet \u00e9v\u00e9nement, qui a vocation \u00e0 \u00eatre annuel, est guid\u00e9e par plusieurs objectifs&nbsp;:<\/p>\n\n\n\n<p><strong>\u2013<\/strong>&nbsp;en premier lieu, permettre rencontres et \u00e9changes conviviaux entre coll\u00e8gues ASR souvent seulement crois\u00e9s \u00e9lectroniquement&nbsp;;<br><strong>\u2013<\/strong>&nbsp;tout au long de la journ\u00e9e, pr\u00e9sentations d\u2019expos\u00e9s techniques et de d\u00e9monstrations pratiques, faits par et pour les ASR de la communaut\u00e9 CESAR&nbsp;;<br><strong>\u2013<\/strong>&nbsp;profiter de l\u2019occasion pour pr\u00e9ciser\/rappeler le contexte de C\u00c9SAR au sein de RESINFO, les objectifs d\u2019un r\u00e9seau r\u00e9gional et l\u2019organisation nationale du r\u00e9seau, les groupes de travail existant, les actions\/projets des autres groupes r\u00e9gionaux, etc.&nbsp;;<br><strong>\u2013<\/strong>&nbsp;et bien s\u00fbr, ap\u00e9ro consistant (pris en charge par RESINFO) en terrasse sous le soleil de notre belle r\u00e9gion, pour nous changer un peu de l\u2019assistance utilisateur&#8230;<\/p>\n\n\n\n<h2 class=\"wp-block-heading\">Les expos\u00e9s<\/h2>\n\n\n\n<p>Pour ce premier VVT, nous ne souhaitons pas nous restreindre \u00e0 un th\u00e8me particulier. Les pr\u00e9sentations devront rester cependant dans des probl\u00e9matiques techniques syst\u00e8mes et r\u00e9seaux ou dans les pratiques m\u00e9tiers correspondant \u00e0 notre quotidien d\u2019ASR. Expos\u00e9s d\u2019outils ou de technologies, retours d\u2019exp\u00e9rience aussi bien que pr\u00e9sentations d\u2019initiatives de type groupe de travail (PSSI, charte, aspects juridiques, etc.) sont envisageables. D\u2019autres id\u00e9es originales pourront cependant \u00eatre retenues si elles s\u2019av\u00e8rent int\u00e9ressantes pour la communaut\u00e9.<\/p>\n\n\n\n<p>Il est important de noter qu\u2019avant tout, nous tenons \u00e0 ce que l\u2019\u00e9v\u00e8nement reste convivial et moins formel que les grand-messes nationales, qui ont d\u2019autres buts. L\u2019effort demand\u00e9 pour la soumission sera d\u2019ailleurs intentionnellement moindre. Donc, en un mot, ne pas h\u00e9siter \u00e0 soumettre, d\u00e8s lors que vous pensez que votre travail peut avoir un int\u00e9r\u00eat pour vos coll\u00e8gues.<\/p>\n\n\n\n<p>Nous souhaitons l\u2019intervention d\u2019un comit\u00e9 de lecture afin d\u2019assurer un minimum de coh\u00e9rence dans les pr\u00e9sentations retenues. Il est compos\u00e9 des animateurs actuels du r\u00e9seau r\u00e9gional (Martine Culioli, Dominique Lalot, Maurice Libes, G\u00e9rard Milhaud et Olivier Pag\u00e9).<\/p>\n\n\n\n<p>Les pr\u00e9sentations orales respecteront le format suivant&nbsp;:<br>&#8211; expos\u00e9 classique avec transparents&nbsp;;<br>&#8211; 25\u2019 plus 10\u2019 questions&nbsp;;<br>&#8211; pr\u00e9sentation et tous documents annexes disponibles \u00e9lectroniquement par la suite.<\/p>\n\n\n\n<p>Mais pour ancrer davantage l\u2019aspect \u00ab&nbsp;terrain&nbsp;\u00bb du VVT, nous souhaiterions \u00e9galement autoriser une seconde forme de pr\u00e9sentation, moins classique, sous forme de d\u00e9monstration pratique avec expos\u00e9 informel, en parall\u00e8le des sessions orales ou \u00e0 un moment pr\u00e9cis de la journ\u00e9e (en fonction des contraintes logistiques). Les maquettes devront \u00eatre apport\u00e9es et mises en place par les auteurs. Le VVT fournira les connexions Internet n\u00e9cessaires. Tous les pr\u00e9requis mat\u00e9riels pour ce type de soumission devront \u00eatre indiqu\u00e9s dans le r\u00e9sum\u00e9.<\/p>\n\n\n\n<p>\u00a0<strong>8h45<\/strong>\u00a0: Accueil (caf\u00e9, croissants)<br><strong>\u2013<\/strong>\u00a0<strong>9h15<\/strong>\u00a0: Introduction, pr\u00e9sentation du r\u00e9seau m\u00e9tier d\u2019ASR resinfo (<strong>M.\u00a0Libes<\/strong>)<br><strong>\u2013<\/strong>\u00a0<strong>9h30<\/strong>\u00a0: D\u00e9ploiement de paquetages logiciels avec OCS Inventory (<strong>P. Pijourlet<\/strong>)<br><strong>\u2013<\/strong>\u00a0<strong>10h05<\/strong>\u00a0: virtualisation avec openVZ<br>(<strong>JF Albertini<\/strong>)<br><strong>\u2013<\/strong>\u00a0<strong>10h40<\/strong>\u00a0: Sauvegarde incr\u00e9mentale avec Vservers et unification.<br>(<strong>A. F\u00e9vrier<\/strong>)<br><strong>\u2013<\/strong>\u00a0<strong>11h15<\/strong>\u00a0: pause caf\u00e9 (20mn)<\/p>\n\n\n\n<p><strong>\u2013<\/strong>\u00a0<strong>11h35<\/strong>\u00a0: Pr\u00e9sentation du r\u00e9seau m\u00e9tropolitain aix-marseille<br>(<strong>D. Pin<\/strong>)<br><strong>\u2013<\/strong>\u00a0<strong>12h10<\/strong>\u00a0: serveurs LDAP(open) et DNS(bind) redondants gr\u00e2ce \u00e0<br>VRRP(Carp) sur OpenBSD (*BSD)<br>(<strong>G. Desvernay<\/strong>)<br><strong>\u2013<\/strong>\u00a0<strong>12h50\u00a0: Ap\u00e9ro\/Repas en terrasse solarium avec vue imprenable sur le Puget<\/strong><br><strong>\u2013<\/strong>\u00a0<strong>15h00<\/strong>\u00a0: IPv6\u00a0: \u00c9tat des lieux et perspectives (<strong>X. Rouanet<\/strong>)<br><strong>\u2013<\/strong>\u00a0<strong>15h35<\/strong>\u00a0: Elaboration d\u2019une PSSI de laboratoire (<strong>M.\u00a0Culioli<\/strong>)<br><strong>\u2013<\/strong>\u00a0<strong>16h10<\/strong>\u00a0: J-Chkmail\u00a0: utilisation configuration du filtre antispam<br>(<strong>D. Lalot<\/strong>)<br><strong>\u2013<\/strong>\u00a0<strong>16h45<\/strong>\u00a0: Cl\u00f4ture du VVT 1er du nom et pause caf\u00e9<br><strong>\u2013<\/strong>\u00a0<strong>17h15<\/strong>\u00a0: table ronde s\u2019il pleut, ou, si la m\u00e9t\u00e9o est cl\u00e9mente\u00a0: baignade dans la calanque de sugiton<\/p>\n","protected":false},"excerpt":{"rendered":"<p>Veni, vidi, trinqui 2008 Cesar, groupe proven\u00e7al du r\u00e9seau RESINFO, annonce pour le Vendredi 04 Juillet 2008 le premier &#8220;Veni, Vidi, Trinqui&#8221;, qui se tiendra \u00e0 l\u2019ESIL, Campus de Luminy, East Huveaune, French California. Objectifs La cr\u00e9ation de cet \u00e9v\u00e9nement, qui a vocation \u00e0 \u00eatre annuel, est guid\u00e9e par plusieurs objectifs&nbsp;: \u2013&nbsp;en premier lieu, permettre [&hellip;]<\/p>\n","protected":false},"author":1,"featured_media":0,"parent":0,"menu_order":0,"comment_status":"closed","ping_status":"closed","template":"","meta":{"footnotes":""},"class_list":["post-82","page","type-page","status-publish","hentry","entry"],"_links":{"self":[{"href":"https:\/\/cesar.resinfo.org\/wordpress\/index.php\/wp-json\/wp\/v2\/pages\/82","targetHints":{"allow":["GET"]}}],"collection":[{"href":"https:\/\/cesar.resinfo.org\/wordpress\/index.php\/wp-json\/wp\/v2\/pages"}],"about":[{"href":"https:\/\/cesar.resinfo.org\/wordpress\/index.php\/wp-json\/wp\/v2\/types\/page"}],"author":[{"embeddable":true,"href":"https:\/\/cesar.resinfo.org\/wordpress\/index.php\/wp-json\/wp\/v2\/users\/1"}],"replies":[{"embeddable":true,"href":"https:\/\/cesar.resinfo.org\/wordpress\/index.php\/wp-json\/wp\/v2\/comments?post=82"}],"version-history":[{"count":3,"href":"https:\/\/cesar.resinfo.org\/wordpress\/index.php\/wp-json\/wp\/v2\/pages\/82\/revisions"}],"predecessor-version":[{"id":108,"href":"https:\/\/cesar.resinfo.org\/wordpress\/index.php\/wp-json\/wp\/v2\/pages\/82\/revisions\/108"}],"wp:attachment":[{"href":"https:\/\/cesar.resinfo.org\/wordpress\/index.php\/wp-json\/wp\/v2\/media?parent=82"}],"curies":[{"name":"wp","href":"https:\/\/api.w.org\/{rel}","templated":true}]}}