{"id":80,"date":"2025-06-11T13:55:19","date_gmt":"2025-06-11T13:55:19","guid":{"rendered":"https:\/\/cesar.resinfo.org\/wordpress\/?page_id=80"},"modified":"2025-06-11T14:14:58","modified_gmt":"2025-06-11T14:14:58","slug":"vvt-2009","status":"publish","type":"page","link":"https:\/\/cesar.resinfo.org\/wordpress\/index.php\/vvt-2009\/","title":{"rendered":"VVT 2009"},"content":{"rendered":"\n<p>Cesar, groupe proven\u00e7al du r\u00e9seau <a href=\"http:\/\/www.resinfo.cnrs.fr\/\">RESINFO<\/a>, is very proud to announce pour le <strong>Vendredi 26 Juin 2009<\/strong>, histoire de f\u00eater le d\u00e9but de l\u2019\u00e9t\u00e9 et le d\u00e9part des utilisateurs, le second &#8220;Veni, Vidi, Trinqui&#8221;, qui se tiendra \u00e0 nouveau \u00e0 <a href=\"http:\/\/www.esil.univmed.fr\/extranet\/donnees\/documents\/presentation\/accesesilweb.pdf.pdf\">l\u2019ESIL, Campus de Luminy, East Huveaune, French California<\/a>.<\/p>\n\n\n\n<h2 class=\"wp-block-heading\">**Objectifs<\/h2>\n\n\n\n<p>Rappelons les objectifs qui ont guid\u00e9 la cr\u00e9ation de cet \u00e9v\u00e9nement en 2008 et qui nous poussent \u00e0 le renouveler cet \u00e9t\u00e9&nbsp;:<\/p>\n\n\n\n<p><strong>\u2013<\/strong>&nbsp;en premier lieu, permettre rencontres et \u00e9changes conviviaux entre coll\u00e8gues ASR souvent seulement crois\u00e9s \u00e9lectroniquement&nbsp;;<br><strong>\u2013<\/strong>&nbsp;tout au long de la journ\u00e9e, pr\u00e9sentations d\u2019expos\u00e9s techniques et de d\u00e9monstrations pratiques, faits par et pour les ASR de la communaut\u00e9 CESAR&nbsp;;<br><strong>\u2013<\/strong>&nbsp;profiter de l\u2019occasion pour pr\u00e9ciser\/rappeler le contexte et l\u2019actualit\u00e9 de C\u00c9SAR au sein de RESINFO, les objectifs d\u2019un r\u00e9seau r\u00e9gional et l\u2019organisation nationale du r\u00e9seau, les groupes de travail existant, les actions\/projets des autres groupes r\u00e9gionaux, etc.&nbsp;;<br><strong>\u2013<\/strong>&nbsp;et bien s\u00fbr, le d\u00e9sormais c\u00e9l\u00e8bre ap\u00e9ro-buffet consistant, voire massif (pris en charge par RESINFO et la <a href=\"http:\/\/www.univmed.fr\/dosi\/\">DOSI<\/a>&nbsp;[<a href=\"http:\/\/localhost:1234\/cesar.resinfo.org\/spipecc7.html?article120#nb1\">1<\/a>] de l\u2019universit\u00e9 de la M\u00e9diterran\u00e9e) en terrasse sous le soleil de notre belle r\u00e9gion, pour \u00e9changer calmement sur nos m\u00e9tiers au son des cigales et des gla\u00e7ons chantant&#8230;<\/p>\n\n\n\n<h2 class=\"wp-block-heading\">**Les expos\u00e9s<\/h2>\n\n\n\n<p>Cette ann\u00e9e encore, nous ne souhaitons pas nous restreindre \u00e0 un th\u00e8me particulier. Les pr\u00e9sentations devront rester cependant dans des probl\u00e9matiques techniques syst\u00e8mes et r\u00e9seaux ou dans les pratiques m\u00e9tiers correspondant \u00e0 notre quotidien d\u2019ASR. Expos\u00e9s d\u2019outils ou de technologies, retours d\u2019exp\u00e9rience aussi bien que pr\u00e9sentations d\u2019initiatives de type groupe de travail (PSSI, charte, aspects juridiques, etc.) sont envisageables. D\u2019autres id\u00e9es originales pourront cependant \u00eatre retenues si elles s\u2019av\u00e8rent int\u00e9ressantes pour la communaut\u00e9.<\/p>\n\n\n\n<p>Il est important de noter qu\u2019avant tout, nous tenons \u00e0 ce que l\u2019\u00e9v\u00e8nement reste convivial et moins formel que les grand-messes nationales, qui ont d\u2019autres buts. L\u2019effort demand\u00e9 pour la soumission sera d\u2019ailleurs intentionnellement moindre. Donc, en un mot, [*ne pas h\u00e9siter \u00e0 soumettre*], d\u00e8s lors que vous pensez que votre travail peut avoir un int\u00e9r\u00eat pour vos coll\u00e8gues.<\/p>\n\n\n\n<p>Le comit\u00e9 de lecture, garant d\u2019un minimum de coh\u00e9rence dans les pr\u00e9sentations retenues, sera compos\u00e9 des animateurs actuels du r\u00e9seau r\u00e9gional (Martine Culioli, Dominique Lalot, Maurice Libes, G\u00e9rard Milhaud et Olivier Pag\u00e9).<\/p>\n\n\n\n<p>Les pr\u00e9sentations orales respecteront le format suivant&nbsp;:<\/p>\n\n\n\n<p><strong>\u2013<\/strong>&nbsp;expos\u00e9 classique avec transparents&nbsp;;<br><strong>\u2013<\/strong>&nbsp;25\u2019 plus 10\u2019 questions&nbsp;;<br><strong>\u2013<\/strong>&nbsp;pr\u00e9sentation et tous documents annexes disponibles \u00e9lectroniquement par la suite.<\/p>\n\n\n\n<h2 class=\"wp-block-heading\">**Planning pr\u00e9visionnel<\/h2>\n\n\n\n<p><strong>\u2013<\/strong>&nbsp;9h-9h30&nbsp;: accueil des participants, caf\u00e9<br><strong>\u2013<\/strong>&nbsp;9h30-12h&nbsp;: pr\u00e9sentations (oui, il y aura une pause caf\u00e9&#8230;)<br><strong>\u2013<\/strong>&nbsp;12h15-14h00&nbsp;: L\u2019Ap\u00e9ro\/buffet consistant en terrasse solarium<br><strong>\u2013<\/strong>&nbsp;14h00-16h30&nbsp;: pr\u00e9sentations (oui, il y aura aussi une pause caf\u00e9&#8230;)<br><strong>\u2013<\/strong>&nbsp;16h-17h&nbsp;: cl\u00f4ture interactive&#8230;<br><strong>\u2013<\/strong>&nbsp;18h-21h&nbsp;: bain-ap\u00e9ro-pizza \u00e0 Morgiou, prenez votre maillot<\/p>\n\n\n\n<p>Le d\u00e9tail des pr\u00e9sentations vous sera fourni ult\u00e9rieurement.<\/p>\n\n\n\n<p>Pour toute question&nbsp;: <a href=\"mailto:cesar-VVT2009-questions@listes.esil.univmed.fr\">cesar-VVT2009-questions@listes.esil.univmed.fr<\/a><\/p>\n\n\n\n<p>Esp\u00e9rant vous voir nombreux,<\/p>\n\n\n\n<p>[*Le comit\u00e9 d\u2019organisation (i.e. les animateurs du r\u00e9seau r\u00e9gional)*]<\/p>\n","protected":false},"excerpt":{"rendered":"<p>Cesar, groupe proven\u00e7al du r\u00e9seau RESINFO, is very proud to announce pour le Vendredi 26 Juin 2009, histoire de f\u00eater le d\u00e9but de l\u2019\u00e9t\u00e9 et le d\u00e9part des utilisateurs, le second &#8220;Veni, Vidi, Trinqui&#8221;, qui se tiendra \u00e0 nouveau \u00e0 l\u2019ESIL, Campus de Luminy, East Huveaune, French California. **Objectifs Rappelons les objectifs qui ont guid\u00e9 [&hellip;]<\/p>\n","protected":false},"author":1,"featured_media":0,"parent":0,"menu_order":0,"comment_status":"closed","ping_status":"closed","template":"","meta":{"footnotes":""},"class_list":["post-80","page","type-page","status-publish","hentry","entry"],"_links":{"self":[{"href":"https:\/\/cesar.resinfo.org\/wordpress\/index.php\/wp-json\/wp\/v2\/pages\/80","targetHints":{"allow":["GET"]}}],"collection":[{"href":"https:\/\/cesar.resinfo.org\/wordpress\/index.php\/wp-json\/wp\/v2\/pages"}],"about":[{"href":"https:\/\/cesar.resinfo.org\/wordpress\/index.php\/wp-json\/wp\/v2\/types\/page"}],"author":[{"embeddable":true,"href":"https:\/\/cesar.resinfo.org\/wordpress\/index.php\/wp-json\/wp\/v2\/users\/1"}],"replies":[{"embeddable":true,"href":"https:\/\/cesar.resinfo.org\/wordpress\/index.php\/wp-json\/wp\/v2\/comments?post=80"}],"version-history":[{"count":2,"href":"https:\/\/cesar.resinfo.org\/wordpress\/index.php\/wp-json\/wp\/v2\/pages\/80\/revisions"}],"predecessor-version":[{"id":109,"href":"https:\/\/cesar.resinfo.org\/wordpress\/index.php\/wp-json\/wp\/v2\/pages\/80\/revisions\/109"}],"wp:attachment":[{"href":"https:\/\/cesar.resinfo.org\/wordpress\/index.php\/wp-json\/wp\/v2\/media?parent=80"}],"curies":[{"name":"wp","href":"https:\/\/api.w.org\/{rel}","templated":true}]}}