{"id":78,"date":"2025-06-11T13:54:49","date_gmt":"2025-06-11T13:54:49","guid":{"rendered":"https:\/\/cesar.resinfo.org\/wordpress\/?page_id=78"},"modified":"2025-06-11T13:54:49","modified_gmt":"2025-06-11T13:54:49","slug":"vvt-2010","status":"publish","type":"page","link":"https:\/\/cesar.resinfo.org\/wordpress\/index.php\/vvt-2010\/","title":{"rendered":"VVT 2010"},"content":{"rendered":"\n<p>Programme officiel et d\u00e9finitif <a href=\"http:\/\/cesar.com.univ-mrs.fr\/spip.php?article134\">VVT 2010<\/a>,<\/p>\n\n\n\n<p>Vendredi 2 Juillet 2010, Station marine d\u2019Endoume<\/p>\n\n\n\n<figure class=\"wp-block-table\"><table class=\"has-fixed-layout\"><thead><tr><th>Quand<\/th><th>Quoi<\/th><th>Qui<\/th><th><\/th><\/tr><\/thead><tbody><tr><td>9h<\/td><td>Accueil et petit d\u00e9jeuner<\/td><td><\/td><td><\/td><\/tr><tr><td>9h30<\/td><td>Introduction<\/td><td>Le comit\u00e9 de programme<\/td><td><\/td><\/tr><tr><td>9h40<\/td><td><a href=\"http:\/\/localhost:1234\/cesar.resinfo.org\/spip96d6.html?article133#1\">Simplifier le d\u00e9ploiement de sites dans un \u00e9tablissement gr\u00e2ce \u00e0 Drupal<\/a><\/td><td>Abouljamal Ismaeil<br>et Gilles Trossevin<\/td><td><\/td><\/tr><tr><td>10h15<\/td><td><a href=\"http:\/\/localhost:1234\/cesar.resinfo.org\/spip96d6.html?article133#2\">Quelle externalisation possible&nbsp;? Retour d\u2019exp\u00e9rience sur un &#8220;cocktail&#8221; de cas concrets<\/a><\/td><td>Aur\u00e9lien Minet<\/td><td><\/td><\/tr><tr><td>10h45<\/td><td><em>pause caf\u00e9 (15\u2019)<\/em><\/td><td><\/td><td><\/td><\/tr><tr><td>11h<\/td><td><a href=\"http:\/\/localhost:1234\/cesar.resinfo.org\/spip96d6.html?article133#3\">&#8220;Netflow&nbsp;: lib\u00e9rez enfin en toute impunit\u00e9 le voyeur qui sommeille en vous&nbsp;!!!&#8221; OU &#8220;Que fait VRAIMENT votre voisin de r\u00e9seau&nbsp;?&#8221;<\/a><\/td><td>Olivier Pag\u00e9<\/td><td><\/td><\/tr><tr><td>11h35<\/td><td><a href=\"http:\/\/localhost:1234\/cesar.resinfo.org\/spip96d6.html?article133#4\">ToIP \u00e0 l\u2019universit\u00e9 de la M\u00e9diterran\u00e9e&nbsp;: des bits qui parlent<\/a><\/td><td>Patrick Pijourlet<\/td><td><\/td><\/tr><tr><td>12h10<\/td><td>[*L\u2019ap\u00e9ro\/repas en terrasse solarium \u00c0 5m DE LA MER FACE AU FRIOUL&nbsp;!!!*]<\/td><td><\/td><td><\/td><\/tr><tr><td>14h30<\/td><td><a href=\"http:\/\/localhost:1234\/cesar.resinfo.org\/spip96d6.html?article133#5\">ITIL dans la vraie vie&#8230;<\/a><\/td><td>Philippe Tourron<\/td><td><\/td><\/tr><tr><td>15h05<\/td><td><a href=\"http:\/\/localhost:1234\/cesar.resinfo.org\/spip96d6.html?article133#6\">\u00c9tudiants + acc\u00e8s root + acc\u00e8s internet + ASR pas en prison = NoRabbit<\/a><\/td><td>Fr\u00e9d\u00e9ric Bloise<\/td><td><\/td><\/tr><tr><td>15h40<\/td><td>pause caf\u00e9 (20\u2019)<\/td><td><\/td><td><\/td><\/tr><tr><td>16h<\/td><td><a href=\"http:\/\/localhost:1234\/cesar.resinfo.org\/spip96d6.html?article133#7\">Les Z folies&nbsp;: RdvZ, FileZ, GroupZ et notre ENT-lite mobile version alphaZ<\/a><\/td><td>St\u00e9phane Igounet<\/td><td><\/td><\/tr><tr><td>16h35<\/td><td>Cl\u00f4ture interactive \u00e0 b\u00e2tons rompus<\/td><td>Comit\u00e9 de programme<\/td><td><\/td><\/tr><tr><td>17h15-18h30<\/td><td>bain sp\u00e9cial &#8220;Monte-Cristo&#8221; revival<\/td><td><\/td><td><\/td><\/tr><tr><td>18h45<\/td><td>ap\u00e9ro-pizza-debriefing-bronzage<\/td><td><\/td><td><\/td><\/tr><\/tbody><\/table><\/figure>\n\n\n\n<p>Nous tenons \u00e0 remercier les partenaires de C\u00c9SAR pour l\u2019\u00e9v\u00e8nement&nbsp;:<\/p>\n\n\n\n<p><strong>\u2013<\/strong>&nbsp;la f\u00e9d\u00e9ration de r\u00e9seaux m\u00e9tiers <a href=\"http:\/\/www.resinfo.org\/\">RESINFO<\/a><br><strong>\u2013<\/strong>&nbsp;l\u2019<a href=\"http:\/\/www.centrale-marseille.fr\/\">\u00c9cole Centrale Marseille<\/a><br><strong>\u2013<\/strong>&nbsp;la <a href=\"http:\/\/www.univmed.fr\/dosi\/\">DOSI de l\u2019universit\u00e9 de la M\u00e9diterran\u00e9e<\/a><br><strong>\u2013<\/strong>&nbsp;la soci\u00e9t\u00e9 <a href=\"http:\/\/www.capella-media.fr\/\">Cappela Media<\/a><\/p>\n\n\n\n<p>qui permettront d\u2019am\u00e9liorer l\u2019ordinaire pendant les pauses et le repas&#8230;<\/p>\n\n\n\n<p>Rendez-vous donc \u00e0 tous le vendredi 2 Juillet \u00e0 9h \u00e0 la <a href=\"http:\/\/www.resinfo.org\/histoire\/menu.html\">l\u00e9gendaire station marine d\u2019Endoume<\/a>. <a href=\"http:\/\/fr.mappy.com\/#d=Chemin+de+la+Batterie+des+Lions,+Marseille&amp;p=map\">Plan d\u2019acc\u00e8s<\/a>&#8230;<\/p>\n","protected":false},"excerpt":{"rendered":"<p>Programme officiel et d\u00e9finitif VVT 2010, Vendredi 2 Juillet 2010, Station marine d\u2019Endoume Quand Quoi Qui 9h Accueil et petit d\u00e9jeuner 9h30 Introduction Le comit\u00e9 de programme 9h40 Simplifier le d\u00e9ploiement de sites dans un \u00e9tablissement gr\u00e2ce \u00e0 Drupal Abouljamal Ismaeilet Gilles Trossevin 10h15 Quelle externalisation possible&nbsp;? Retour d\u2019exp\u00e9rience sur un &#8220;cocktail&#8221; de cas concrets [&hellip;]<\/p>\n","protected":false},"author":1,"featured_media":0,"parent":0,"menu_order":0,"comment_status":"closed","ping_status":"closed","template":"","meta":{"footnotes":""},"class_list":["post-78","page","type-page","status-publish","hentry","entry"],"_links":{"self":[{"href":"https:\/\/cesar.resinfo.org\/wordpress\/index.php\/wp-json\/wp\/v2\/pages\/78","targetHints":{"allow":["GET"]}}],"collection":[{"href":"https:\/\/cesar.resinfo.org\/wordpress\/index.php\/wp-json\/wp\/v2\/pages"}],"about":[{"href":"https:\/\/cesar.resinfo.org\/wordpress\/index.php\/wp-json\/wp\/v2\/types\/page"}],"author":[{"embeddable":true,"href":"https:\/\/cesar.resinfo.org\/wordpress\/index.php\/wp-json\/wp\/v2\/users\/1"}],"replies":[{"embeddable":true,"href":"https:\/\/cesar.resinfo.org\/wordpress\/index.php\/wp-json\/wp\/v2\/comments?post=78"}],"version-history":[{"count":1,"href":"https:\/\/cesar.resinfo.org\/wordpress\/index.php\/wp-json\/wp\/v2\/pages\/78\/revisions"}],"predecessor-version":[{"id":79,"href":"https:\/\/cesar.resinfo.org\/wordpress\/index.php\/wp-json\/wp\/v2\/pages\/78\/revisions\/79"}],"wp:attachment":[{"href":"https:\/\/cesar.resinfo.org\/wordpress\/index.php\/wp-json\/wp\/v2\/media?parent=78"}],"curies":[{"name":"wp","href":"https:\/\/api.w.org\/{rel}","templated":true}]}}