{"id":76,"date":"2025-06-11T13:54:23","date_gmt":"2025-06-11T13:54:23","guid":{"rendered":"https:\/\/cesar.resinfo.org\/wordpress\/?page_id=76"},"modified":"2025-06-11T14:47:54","modified_gmt":"2025-06-11T14:47:54","slug":"vvt-2011","status":"publish","type":"page","link":"https:\/\/cesar.resinfo.org\/wordpress\/index.php\/vvt-2011\/","title":{"rendered":"VVT 2011"},"content":{"rendered":"\n<h2 class=\"wp-block-heading\">L\u2019annonce VVT 2011<\/h2>\n\n\n\n<p>Vous en r\u00eaviez&nbsp;: C\u00c9SAR le refait&#8230; La date des vacances approche et avec elle, celle d\u00e9sormais c\u00e9l\u00e8bre des VVT version 2011<\/p>\n\n\n\n<p>Les journ\u00e9es &#8220;veni vedi trinqui&#8221; pour les nouveaux , c\u2019est &#8220;The Event&#8221; r\u00e9gional des administrateurs syst\u00e8mes et r\u00e9seaux du r\u00e9seau m\u00e9tier C\u00c9SAR &#8230;. l\u2019occasion de (traduit du Latin) se voir, \u00e9changer, et boire (ou deux) un coup<\/p>\n\n\n\n<p>Rappelons que les objectifs premiers qui <em>nous animent sont de se connaitre, partager, \u00e9changer des id\u00e9es tout en passant une journ\u00e9e agr\u00e9able autour d\u2019un (super) buffet<\/em>&#8230; <\/p>\n\n\n\n<h2 class=\"wp-block-heading\">Le lieu VVT 2011<\/h2>\n\n\n\n<p>Les 3 premi\u00e8res \u00e9ditions des VVT s\u2019\u00e9taient tenues a l\u2019ESIL Luminy et dans le paradis aux parfums d\u2019ile grecque de la Station marine d\u2019Endoume&#8230;<\/p>\n\n\n\n<p>Cette ann\u00e9e , pour la 4\u00e8me \u00e9dition, fid\u00e8les \u00e0 notre volont\u00e9 d\u2019essayer de changer de site, et de s\u2019appuyer sur des comp\u00e9tences et volont\u00e9s nouvelles, le lieu choisi est&nbsp;:<\/p>\n\n\n\n<p><strong>\u2013<\/strong>&nbsp;[*le laboratoire OAMP Observatoire Astronomique de Marseille Provence*] sur le technopole de chateau gombert<\/p>\n\n\n\n<p><em>l\u2019adresse de l\u2019OAMP&nbsp;:<br>Pole de l\u2019Etoile Site de Ch\u00e2teau-Gombert<br>38, rue Fr\u00e9d\u00e9ric Joliot-Curie<br>13388 Marseille cedex 13<\/em><\/p>\n\n\n\n<p><strong>\u2013<\/strong>&nbsp;Pour venir&nbsp;:<\/p>\n\n\n\n<ul class=\"wp-block-list\">\n<li>En transport en commun&nbsp;: M\u00b0&nbsp;La Rose, puis bus Num\u00e9ro 1 descendre \u00e0 l\u2019arr\u00eat Joliot Curie (je crois)<\/li>\n\n\n\n<li>En voiture vous pouvez sonner au portail pour que l\u2019on vous ouvre ou vous garer dehors.<\/li>\n\n\n\n<li>L\u2019OAMP se trouve sur le m\u00eame rond-point, juste en face de l\u2019Ecole Centrale.<\/li>\n<\/ul>\n\n\n\n<h2 class=\"wp-block-heading\">La Date<\/h2>\n\n\n\n<p><strong>\u2013<\/strong>&nbsp;non n\u00e9gociable sera le vendredi 24 juin. R\u00e9servez votre journ\u00e9e d\u00e8s a pr\u00e9sent.<\/p>\n\n\n\n<h2 class=\"wp-block-heading\">Le programme de la journ\u00e9e<\/h2>\n\n\n\n<p><strong>\u2013<\/strong>&nbsp;Comme vous le savez la journ\u00e9e VVT est LE lieu pour boire un verre tout en assistant \u00e0 (ou pr\u00e9sentant&#8230;) des communications, qu\u2019elles soient techniques ou organisationnelles, propres au m\u00e9tier ASR..<br>Le but est de pr\u00e9senter par exemple un logiciel (maison ou commercial s\u2019il est innovant et pr\u00e9sente un int\u00e9r\u00eat pour notre communaut\u00e9), une technologie, un produit, un mat\u00e9riel, une norme, une organisation, une r\u00e9alisation S&amp;R int\u00e9ressante, etc&#8230;<\/p>\n\n\n\n<p><strong><em>Programme VVT 2011<\/em><\/strong><\/p>\n\n\n\n<figure class=\"wp-block-table\"><table class=\"has-fixed-layout\"><thead><tr><th>Quand<\/th><th>Quoi<\/th><th>Qui<\/th><\/tr><\/thead><tbody><tr><td>09H00 &#8211; 09H30&nbsp;:<\/td><td>Accueil et Petit d\u00e9jeuner<\/td><td><\/td><\/tr><tr><td>09h30 &#8211; 09H45&nbsp;:<\/td><td>Accueil&nbsp;: Introduction, objectifs de la journ\u00e9e, pr\u00e9sentation du r\u00e9seau m\u00e9tier d\u2019ASR resinfo et des partenaires&nbsp;: projet &#8220;Plume&#8221;<\/td><td>Maurice Libes<\/td><td><\/td><\/tr><tr><td>09H45 &#8211; 10H15&nbsp;:<\/td><td>Pr\u00e9sentation NetApp<\/td><td>Capella Media<\/td><td><\/td><\/tr><tr><td>10H20 &#8211; 10H50&nbsp;:<\/td><td>Portail Captif&nbsp;: Solution ZeroShell<\/td><td>Adrien Malgoyre<\/td><td><\/td><\/tr><tr><td>10H50 &#8211; 11H20&nbsp;:<\/td><td>l\u2019Odyss\u00e9e de l\u2019infrastructure de AMU<\/td><td>Mathieu Molin\u00e9ris<\/td><td><\/td><\/tr><tr><td>11H20 &#8211; 11H30&nbsp;:<\/td><td>Pause Bonheur Croissant<\/td><td><\/td><\/tr><tr><td>11H45 &#8211; 12H15&nbsp;:<\/td><td>Virtualisation avec LXC<\/td><td>Aur\u00e9lien Minet<\/td><td><\/td><\/tr><tr><td>12H15 &#8211; 14H00&nbsp;:<\/td><td>Ap\u00e9ro D\u00e9jeuner<\/td><td><\/td><\/tr><tr><td>14H00 &#8211; 14H30&nbsp;:<\/td><td>Chiffrement de PC avec truecrypt<\/td><td>Christophe Yohia<\/td><td><\/td><\/tr><tr><td>14H35 &#8211; 15H05&nbsp;:<\/td><td>Utilisation de la librairie PCAP<\/td><td>Julien Valiente<\/td><td><\/td><\/tr><tr><td>15H05 &#8211; 15H15&nbsp;:<\/td><td>Pause Zen et Gourmande<\/td><td><\/td><\/tr><tr><td>15H30 &#8211; 16H00&nbsp;:<\/td><td>Postfix+Dovecot messagerie multidomaines<\/td><td>Julien Lecubin<\/td><td><\/td><\/tr><tr><td>16H05 &#8211; 16H35&nbsp;:<\/td><td>Ze prez Zimbra by zil and zo<\/td><td>G. Trossevin + G. Desvernay<\/td><td><\/td><\/tr><tr><td>16H45 &#8211; 17H00&nbsp;:<\/td><td>GRANDE loterie. Une poign\u00e9e de c\u00e9sariens chanceux pourra repartir avec un &#8220;secret goodie VVT\u201911 total Collector&#8221;<\/td><td><\/td><\/tr><tr><td>17H00 &#8211;&nbsp;??H&nbsp;??&nbsp;:<\/td><td>Let\u2019s go to the seaside or the collineside<\/td><td><\/td><\/tr><\/tbody><\/table><\/figure>\n\n\n\n<p><strong>\u2013<\/strong>&nbsp;Il est important de noter qu\u2019avant tout, l\u2019\u00e9v\u00e8nement est volontairement voulu convivial et moins formel que les grand-messes nationales, qui ont d\u2019autres buts. L\u2019effort demand\u00e9 pour la soumission est d\u2019ailleurs intentionnellement moindre. Donc, en un mot, il ne faut pas h\u00e9siter \u00e0 soumettre, d\u00e8s lors que vous pensez que votre travail peut avoir un int\u00e9r\u00eat pour vos coll\u00e8gues. Et c\u2019est en participant que vous contribuerez \u00e0 la p\u00e9rennit\u00e9 de cet \u00e9v\u00e8nement qui assure au moins un ap\u00e9ro gratuit annuel&#8230; Merci d\u2019avance.<\/p>\n\n\n\n<p>Le comit\u00e9 d\u2019organisation 2011&nbsp;:<br>C. Blanpain, M.&nbsp;Libes, G. Milhaud, O. Pag\u00e9<\/p>\n","protected":false},"excerpt":{"rendered":"<p>L\u2019annonce VVT 2011 Vous en r\u00eaviez&nbsp;: C\u00c9SAR le refait&#8230; La date des vacances approche et avec elle, celle d\u00e9sormais c\u00e9l\u00e8bre des VVT version 2011 Les journ\u00e9es &#8220;veni vedi trinqui&#8221; pour les nouveaux , c\u2019est &#8220;The Event&#8221; r\u00e9gional des administrateurs syst\u00e8mes et r\u00e9seaux du r\u00e9seau m\u00e9tier C\u00c9SAR &#8230;. l\u2019occasion de (traduit du Latin) se voir, \u00e9changer, [&hellip;]<\/p>\n","protected":false},"author":1,"featured_media":0,"parent":0,"menu_order":0,"comment_status":"closed","ping_status":"closed","template":"","meta":{"footnotes":""},"class_list":["post-76","page","type-page","status-publish","hentry","entry"],"_links":{"self":[{"href":"https:\/\/cesar.resinfo.org\/wordpress\/index.php\/wp-json\/wp\/v2\/pages\/76","targetHints":{"allow":["GET"]}}],"collection":[{"href":"https:\/\/cesar.resinfo.org\/wordpress\/index.php\/wp-json\/wp\/v2\/pages"}],"about":[{"href":"https:\/\/cesar.resinfo.org\/wordpress\/index.php\/wp-json\/wp\/v2\/types\/page"}],"author":[{"embeddable":true,"href":"https:\/\/cesar.resinfo.org\/wordpress\/index.php\/wp-json\/wp\/v2\/users\/1"}],"replies":[{"embeddable":true,"href":"https:\/\/cesar.resinfo.org\/wordpress\/index.php\/wp-json\/wp\/v2\/comments?post=76"}],"version-history":[{"count":3,"href":"https:\/\/cesar.resinfo.org\/wordpress\/index.php\/wp-json\/wp\/v2\/pages\/76\/revisions"}],"predecessor-version":[{"id":112,"href":"https:\/\/cesar.resinfo.org\/wordpress\/index.php\/wp-json\/wp\/v2\/pages\/76\/revisions\/112"}],"wp:attachment":[{"href":"https:\/\/cesar.resinfo.org\/wordpress\/index.php\/wp-json\/wp\/v2\/media?parent=76"}],"curies":[{"name":"wp","href":"https:\/\/api.w.org\/{rel}","templated":true}]}}