{"id":74,"date":"2025-06-11T13:53:53","date_gmt":"2025-06-11T13:53:53","guid":{"rendered":"https:\/\/cesar.resinfo.org\/wordpress\/?page_id=74"},"modified":"2025-06-11T14:07:55","modified_gmt":"2025-06-11T14:07:55","slug":"vvt-2012","status":"publish","type":"page","link":"https:\/\/cesar.resinfo.org\/wordpress\/index.php\/vvt-2012\/","title":{"rendered":"VVT 2012"},"content":{"rendered":"\n<h2 class=\"wp-block-heading\">Les Videos et photos de la journ\u00e9e VVT<\/h2>\n\n\n\n<p>Un grand merci \u00e0 <em>Gilles Trossevin<\/em> (Ecole Centrale Marseille) qui a film\u00e9 de main de maitre toute la journ\u00e9e<\/p>\n\n\n\n<p><strong>\u2013<\/strong>&nbsp;Les vid\u00e9os <a href=\"http:\/\/webtv.centrale-marseille.fr\/channels\/#vvt2012\">sont ci http:\/\/webtv.centrale-marseille.fr\/channels\/#vvt2012<\/a> prot\u00e9g\u00e9es par mot de passe &#8230; le mot de passe sera envoy\u00e9 sur la liste Cesar &#8230; o\u00f9 en <a href=\"mailto:gilles.trossevin@centrale-marseille.fr?Subject=Ho grand gilles envoie moi le passwd des videos vvt2012 ou je te casse ton gros pif\">cliquant ici pour invectiver Gilles<\/a><\/p>\n\n\n\n<h2 class=\"wp-block-heading\">Le Programme VVT 2012<\/h2>\n\n\n\n<p>5\u00e8me \u00e9dition des journ\u00e9es VVT de Cesar, un programme &#8220;<em>PTHT<\/em>&#8221;&nbsp;: <strong><em>Programme de Tr\u00e8s Haute Tenue<\/em> <\/strong>&#8230; qui n\u2019a rien \u00e0 envier aux manifestations nationales<\/p>\n\n\n\n<figure class=\"wp-block-table\"><table class=\"has-fixed-layout\"><thead><tr><th>Qui<\/th><th>Quoi<\/th><th>Quand<\/th><\/tr><\/thead><tbody><tr><td><em>M.&nbsp;Libes&nbsp;<\/em><\/td><td>Bienvenue et informations sur Cesar et RESINFO<\/td><td>&nbsp;<\/td><td>9h20&nbsp;<\/td><\/tr><tr><td><em>A. Malgoyre<\/em><\/td><td><strong>&#8220;Ldapsaisie&nbsp;: Interface de gestion et de consultation d\u2019annuaire LDAP&#8221;<\/strong><\/td><td><\/td><td>9h30<\/td><\/tr><tr><td><em>G. Desvernay<\/em><\/td><td><strong>&#8220;Libvirt:une solution multi-superviseurs&#8221;<\/strong><\/td><td><\/td><td>10h10<\/td><\/tr><tr><td>Pause<\/td><td>caf\u00e9, bichoco, benenuts, navette \u00e0 l\u2019orange , pepito, eskimo<\/td><td>10h50&nbsp;<\/td><\/tr><tr><td><em>P. Mouret<\/em><\/td><td><strong>&#8220;Architecture r\u00e9seau redondante et hautement disponible \u00e0 l\u2019\u00e9chelle d\u2019un campus&#8221;<\/strong><\/td><td><\/td><td>11h15<\/td><\/tr><tr><td><em>S. Twardy<\/em><\/td><td><strong>&#8220;Architecture Netapp\/Metrocluster&#8221;<\/strong><\/td><td><\/td><td>11h55<\/td><\/tr><tr><td>repas<\/td><td>&nbsp;<\/td><td>12h40&nbsp;<\/td><\/tr><tr><td>Capella Media<\/td><td>tribune actualit\u00e9 netapp<\/td><td>14h00<\/td><\/tr><tr><td><em>C. Dodisco<\/em><\/td><td><strong>&#8220;EVO&nbsp;: solution libre de visio collaborative&#8221;<\/strong><\/td><td><\/td><td>14h30<\/td><\/tr><tr><td><em>J. Valiente<\/em><\/td><td><strong>&#8220;Infocentre&nbsp;: Solutions de r\u00e9cup\u00e9ration de donn\u00e9es, Solutions contre la r\u00e9cup\u00e9ration de donn\u00e9es, Zones de d\u00e9solation&#8221;<\/strong><\/td><td><\/td><td>15h10<\/td><\/tr><tr><td>Pause<\/td><td>caf\u00e9, bichoco, benenuts, eskimo, pepito, navette \u00e0 l\u2019orange<\/td><td>15h50<\/td><\/tr><tr><td><em>J. Charpin<\/em><\/td><td><strong>&#8220;Firewall M0n0wall&#8221;<\/strong><\/td><td><\/td><td>16h15<\/td><\/tr><tr><td><em>P. Langlois<\/em><\/td><td><strong>&#8220;Solutions libres de stockage&nbsp;: Freenas, Nexenta&#8221;<\/strong><\/td><td><\/td><td>16h50<\/td><\/tr><tr><td>c\u2019est fini<\/td><td><\/td><td>17h30<\/td><\/tr><tr><td>mais ca peut continuer<\/td><td>soir\u00e9e ap\u00e9ritif pizzas baignades<\/td><td>19h00<\/td><\/tr><\/tbody><\/table><\/figure>\n\n\n\n<hr class=\"wp-block-separator has-alpha-channel-opacity\"\/>\n\n\n\n<h2 class=\"wp-block-heading\">Le lieu VVT 2012<\/h2>\n\n\n\n<p>Cette ann\u00e9e, 5\u00e8me \u00e9dition des journ\u00e9es VVT de Cesar, ann\u00e9e difficile de fusion des 3 universit\u00e9s&#8230; un besoin de s\u00e9r\u00e9nit\u00e9, de retour aux sources&#8230; d\u2019o\u00f9 venons nous&nbsp;? o\u00f9 allons nous&nbsp;? \u00e0 &#8230;la station marine d\u2019Endoume pardi&nbsp;! &#8230; entre D\u00e9los et Mikonos&#8230; nous y retournons<\/p>\n\n\n\n<p><a href=\"https:\/\/maps.google.com\/maps?f=q&amp;source=s_q&amp;hl=fr&amp;geocode=&amp;q=centre+oceanologie+marseille&amp;aq=&amp;sll=43.280775,5.349494&amp;sspn=0.006475,0.011791&amp;vpsrc=0&amp;ie=UTF8&amp;hq=&amp;hnear=Centre+d%27Oc%C3%A9anologie+de+Marseille,+13007+Marseille,+Bouches-Du-Rh%C3%B4ne,+Provence-Alpes-C%C3%B4te+d%27Azur,+France&amp;ll=43.280798,5.349677&amp;spn=0.006475,0.011791&amp;t=m&amp;z=17\">&#8211; Pour aller \u00e0 La station marine d\u2019Endoume<\/a><\/p>\n\n\n\n<h2 class=\"wp-block-heading\">La Date et l\u2019inscription<\/h2>\n\n\n\n<p><strong>\u2013<\/strong>&nbsp;La date des VVT sera le <strong><em>vendredi 29 juin<\/em> <\/strong>. R\u00e9servez votre journ\u00e9e d\u00e8s a pr\u00e9sent.<\/p>\n\n\n\n<p><strong>\u2013<\/strong>&nbsp;(Inscription gratuite mais obligatoire pour savoir combien de bouteilles et de petits fours on ach\u00e8te&#8230;)<\/p>\n\n\n\n<ul class=\"wp-block-list\">\n<li>doit \u00eatre faite via ce lien&nbsp;: <a href=\"mailto:cesar-vvt2012-inscriptions@listes.esil.univmed.fr\">cesar-vvt2012-inscriptions@listes.esil.univmed.fr<\/a><\/li>\n<\/ul>\n\n\n\n<h2 class=\"wp-block-heading\">L\u2019annonce VVT 2012<\/h2>\n\n\n\n<p>Ave CeSAR &#8230; ton Empire s\u2019\u00e9tend d\u2019Avignon \u00e0 Toulon en passant par tous les sites Marseillais des campus universitaires de AMU et des labos de recherche CNRS et autres EPST&#8230;<\/p>\n\n\n\n<p>Les journ\u00e9es &#8220;veni vedi trinqui&#8221; pour les nouveaux , c\u2019est &#8220;The Event&#8221; r\u00e9gional des administrateurs syst\u00e8mes et r\u00e9seaux du r\u00e9seau m\u00e9tier C\u00c9SAR &#8230;une a 2 fois par an, l\u2019occasion de (traduit du Latin) se voir, \u00e9changer, et boire un (ou deux) coup<\/p>\n\n\n\n<p>Rappelons que les objectifs premiers qui <em>nous animent sont de se connaitre, partager, \u00e9changer des id\u00e9es, de la technologie, tout en passant une journ\u00e9e agr\u00e9able autour d\u2019un (super) buffet<\/em>&#8230; <\/p>\n\n\n\n<ul class=\"wp-block-list\">\n<li><\/li>\n<\/ul>\n\n\n\n<p>[*Le comit\u00e9 d\u2019organisation 2012&nbsp;:*]<br>avec de nouvelles volont\u00e9s qui ont aid\u00e9 \u00e0 organiser la journ\u00e9e<br>C. Blanpain, P. Cacciutolo, M.&nbsp;Court, T. Dostes, M.&nbsp;Libes, G. Milhaud, O. Pag\u00e9, G. Trossevin<\/p>\n","protected":false},"excerpt":{"rendered":"<p>Les Videos et photos de la journ\u00e9e VVT Un grand merci \u00e0 Gilles Trossevin (Ecole Centrale Marseille) qui a film\u00e9 de main de maitre toute la journ\u00e9e \u2013&nbsp;Les vid\u00e9os sont ci http:\/\/webtv.centrale-marseille.fr\/channels\/#vvt2012 prot\u00e9g\u00e9es par mot de passe &#8230; le mot de passe sera envoy\u00e9 sur la liste Cesar &#8230; o\u00f9 en cliquant ici pour invectiver [&hellip;]<\/p>\n","protected":false},"author":1,"featured_media":0,"parent":0,"menu_order":0,"comment_status":"closed","ping_status":"closed","template":"","meta":{"footnotes":""},"class_list":["post-74","page","type-page","status-publish","hentry","entry"],"_links":{"self":[{"href":"https:\/\/cesar.resinfo.org\/wordpress\/index.php\/wp-json\/wp\/v2\/pages\/74","targetHints":{"allow":["GET"]}}],"collection":[{"href":"https:\/\/cesar.resinfo.org\/wordpress\/index.php\/wp-json\/wp\/v2\/pages"}],"about":[{"href":"https:\/\/cesar.resinfo.org\/wordpress\/index.php\/wp-json\/wp\/v2\/types\/page"}],"author":[{"embeddable":true,"href":"https:\/\/cesar.resinfo.org\/wordpress\/index.php\/wp-json\/wp\/v2\/users\/1"}],"replies":[{"embeddable":true,"href":"https:\/\/cesar.resinfo.org\/wordpress\/index.php\/wp-json\/wp\/v2\/comments?post=74"}],"version-history":[{"count":2,"href":"https:\/\/cesar.resinfo.org\/wordpress\/index.php\/wp-json\/wp\/v2\/pages\/74\/revisions"}],"predecessor-version":[{"id":106,"href":"https:\/\/cesar.resinfo.org\/wordpress\/index.php\/wp-json\/wp\/v2\/pages\/74\/revisions\/106"}],"wp:attachment":[{"href":"https:\/\/cesar.resinfo.org\/wordpress\/index.php\/wp-json\/wp\/v2\/media?parent=74"}],"curies":[{"name":"wp","href":"https:\/\/api.w.org\/{rel}","templated":true}]}}