{"id":72,"date":"2025-06-11T13:53:00","date_gmt":"2025-06-11T13:53:00","guid":{"rendered":"https:\/\/cesar.resinfo.org\/wordpress\/?page_id=72"},"modified":"2025-06-11T13:53:00","modified_gmt":"2025-06-11T13:53:00","slug":"vvt-2013","status":"publish","type":"page","link":"https:\/\/cesar.resinfo.org\/wordpress\/index.php\/vvt-2013\/","title":{"rendered":"VVT 2013"},"content":{"rendered":"\n<h2 class=\"wp-block-heading\">Les Videos et photos de la journ\u00e9e VVT<\/h2>\n\n\n\n<p><strong>\u2013<\/strong>&nbsp;la journ\u00e9e sera capt\u00e9e film\u00e9e enregistr\u00e9e par Ecole Centrale Marseille et son pilier technologique geoffroy Desvernay<\/p>\n\n\n\n<p><strong>\u2013<\/strong>&nbsp;<a href=\"http:\/\/www.com.univ-mrs.fr\/ssc\/info\/zenphoto\/index.php?album=photos-vvt-2013\">Les photos VVT2013 sont l\u00e0\u00e0\u00e0\u00e0<\/a><\/p>\n\n\n\n<h2 class=\"wp-block-heading\">Le Programme VVT 2013<\/h2>\n\n\n\n<p>6\u00e8me \u00e9dition des journ\u00e9es VVT du r\u00e9seau m\u00e9tier ASR Cesar,<\/p>\n\n\n\n<p>Cette ann\u00e9e un programme qui <em>vrombit comme un moteur de F1<br>avec thierry Dostes au pilotage et g\u00e9rard, olivier et maurice qui changent les roues et font le plein&#8230; en 8&#8243; chrono<\/em> &#8230; vroum vroum les ASR \u00e0 10Gb\/s <a href=\"https:\/\/maps.google.com\/maps?q=circuit+du+castellet+paul+ricard&amp;hl=en&amp;sll=43.246453,5.791855&amp;sspn=0.161302,0.260925&amp;hq=circuit+du+castellet+paul+ricard&amp;t=m&amp;z=12\">au circuit du castellet<\/a><\/p>\n\n\n\n<figure class=\"wp-block-table\"><table class=\"has-fixed-layout\"><thead><tr><th>Quoi<\/th><th>Qui<\/th><th>Quand<\/th><\/tr><\/thead><tbody><tr><td>Introduction&nbsp;: bienvenue au circuit du Castellet<br>&amp; message du r\u00e9seau m\u00e9tier RESINFO<\/td><td><em>circuit Castellet<br>&amp; Thierry Dostes &amp; Maurice Libes<\/em><\/td><td>9:00 &#8211; 9:30<\/td><td><\/td><\/tr><tr><td>Owncloud<\/td><td><em>Julien Lecubin , Michel Court, William Domingues<\/em><\/td><td>9:30 &#8211; 10:00<\/td><td><\/td><\/tr><tr><td>Raimu2 et communaut\u00e9 r\u00e9seau AMU<\/td><td><em>Yves Azamberti &amp; Pascal Mouret<\/em><\/td><td>10:10-&gt;10:40<\/td><td><\/td><\/tr><tr><td>pause<\/td><td><\/td><td>10:40 &#8211; 11:00<\/td><\/tr><tr><td>March\u00e9 MatInfo<\/td><td><em>Matthieu Molin\u00e9ris + Dell<\/em><\/td><td>11:00 &#8211; 11:30<\/td><td><\/td><\/tr><tr><td>Tribune Extreme Networks<\/td><td><em>T. Desnu Extreme Network<\/em><\/td><td>11:30 &#8211; 11:50<\/td><\/tr><tr><td>RGS&nbsp;: pr\u00e9sentation <em>R\u00e9f\u00e9rentiel<\/em> G\u00e9n\u00e9ral de S\u00e9curit\u00e9<\/td><td><em>Sandrine Twardy<\/em><\/td><td>11:50 &#8211; 12:20<\/td><td><\/td><\/tr><tr><td>Repas&nbsp;: miam miam glou glou karting<\/td><td>&#8211;<\/td><td>&#8211;<\/td><\/tr><tr><td>Splunk&nbsp;: corr\u00e9lateur de logs super chiad\u00e9, tr\u00e8s cher mais avec une version gratuite<\/td><td><em>Capella media<\/em><\/td><td>14:15 &#8211; 14:35<\/td><td><\/td><\/tr><tr><td>Observium&nbsp;: monitoring et m\u00e9trologie r\u00e9seau<\/td><td><em>Adrien Malgoyre<\/em><\/td><td>14:40 &#8211; 15:10<\/td><td>\u00e0 venir<\/td><\/tr><tr><td>Clonage de PC en continu par shadowing<\/td><td><em>G\u00e9rard Castagnoli<\/em><\/td><td>15:20 &#8211; 15:45<\/td><\/tr><tr><td>Pause<\/td><td>&#8211;<\/td><td>15:45 &#8211; 16:15<\/td><td><\/td><\/tr><tr><td>&#8220;Comment faire fuir efficacement et \u00e0 moindre co\u00fbt nos informations vers les puissances \u00e9trang\u00e8res&nbsp;?&#8221;<\/td><td><em>Julien Valiente<\/em><\/td><td>16:15 &#8211; 16:45<\/td><td>\u00e0 venir<\/td><\/tr><tr><td>Ap\u00e9ritif \u00e0 Bandol ou Saint Cyr sur mer ou les Lecques pour les survivants<\/td><td>&#8211;<\/td><td>&#8211;<\/td><\/tr><\/tbody><\/table><\/figure>\n\n\n\n<hr class=\"wp-block-separator has-alpha-channel-opacity\"\/>\n\n\n\n<h2 class=\"wp-block-heading\">Le lieu VVT 2013<\/h2>\n\n\n\n<p>Cette ann\u00e9e, 6\u00e8me \u00e9dition des journ\u00e9es VVT de Cesar, les ASR de la r\u00e9gion Marseillaise ont tout donn\u00e9 dans la fusion des 3 Universit\u00e9s, de leurs laboratoires, de leurs instituts&#8230; ils sont exsangues<br>et ont besoin de r\u00e9confort&#8230; entendre parler de technologies, d\u2019orientation commerciales, et d\u2019\u00e9volutions du m\u00e9tier&#8230; bref <em>Le r\u00e9seau m\u00e9tier et les journ\u00e9es VVT sont l\u00e0 pour apporter ce qui n\u2019existe pas ailleurs&nbsp;!<\/em><\/p>\n\n\n\n<p>Eh oui cette journ\u00e9e se d\u00e9roulera sur le circuit du castellet<\/p>\n\n\n\n<p><a href=\"https:\/\/maps.google.com\/maps?q=circuit+du+castellet+paul+ricard&amp;hl=en&amp;sll=43.246453,5.791855&amp;sspn=0.161302,0.260925&amp;hq=circuit+du+castellet+paul+ricard&amp;t=m&amp;z=12\">&#8211; <strong>Pour aller au circuit du castellet<\/strong><\/a><\/p>\n\n\n\n<h2 class=\"wp-block-heading\">La Date et l\u2019inscription<\/h2>\n\n\n\n<p><strong>\u2013<\/strong>&nbsp;La date des VVT sera le <strong><em>Mardi 25 juin<\/em> <\/strong>. R\u00e9servez votre journ\u00e9e d\u00e8s a pr\u00e9sent.<\/p>\n\n\n\n<p><strong>\u2013<\/strong>&nbsp;Inscription gratuite mais obligatoire pour savoir combien de crackers belin de bouteilles de Perrier et de petits fours on ach\u00e8te&#8230;<\/p>\n\n\n\n<ul class=\"wp-block-list\">\n<li>doit \u00eatre faite via ce lien\u00a0: <a href=\"mailto:cesar-vvt2013-inscriptions@listes.esil.univmed.fr\">cesar-vvt2013-inscriptions@listes.esil.univmed.fr<\/a><\/li>\n<\/ul>\n\n\n\n<h2 class=\"wp-block-heading\">L\u2019annonce VVT 2013<\/h2>\n\n\n\n<p>2013, VVT revient, VVT come back, the return of the son of VVT&#8230; \u00e0 fond de 5\u00e8me<\/p>\n\n\n\n<p>Qu\u2019aurait \u00e9t\u00e9 MP2013 sans une \u00e9dition des VVT&nbsp;? Une bolognaise sans viande&nbsp;? Un iPhone sans vitre cass\u00e9e&nbsp;? Un PC sans Debian&nbsp;? Magnum sans moustache&nbsp;? Frodon sans alliance&nbsp;? Cahuzac avec un livret A \u00e0 4,5%&nbsp;?<br>En tous les cas, assur\u00e9ment, un \u00e9v\u00e8nement international manqu\u00e9&#8230;<\/p>\n\n\n\n<p>Donc, don\u2019t panic, les VVT seront fid\u00e8les au poste, mais pas fid\u00e8les \u00e0 leur localisation urbaine habituelle&#8230;<\/p>\n\n\n\n<p><strong>\u2013<\/strong>&nbsp;La DATE&nbsp;: le mardi 25\/06\/2013<\/p>\n\n\n\n<p><strong>\u2013<\/strong>&nbsp;Le LIEU&nbsp;: ATTENTION, nouveaut\u00e9, voire p\u00e9pite&#8230; Nous sortons de Marseille pour un site aussi inattendu qu\u2019improbable et prestigieux. Nous changeons de d\u00e9partement, nous nous enfon\u00e7ons au c\u0153ur de la garrigue.<br>Indices&nbsp;:<\/p>\n\n\n\n<ul class=\"wp-block-list\">\n<li>Claude Berri a tourn\u00e9 son inoubliable dyptique Jean De Florette et Manon des Sources (petits bonus pour les gar\u00e7ons nostalgiques) \u00e0 quelques kilom\u00e8tres.<\/li>\n\n\n\n<li>Raimu a fait son c\u00e9l\u00e8bre monologue \u00e0 la chatte Pomponette (sauter \u00e0 3\u201916) dans la boulangerie du village le plus proche.<\/li>\n\n\n\n<li>Trust s\u2019y est produit en 1985.<\/li>\n\n\n\n<li>un \u00e9v\u00e8nement national en or s\u2019y est tenu pendant des ann\u00e9es.<\/li>\n\n\n\n<li>les limitations de vitesse n\u2019y ont pas vraiment cours.<\/li>\n\n\n\n<li>Il n\u2019y a jamais eu l\u00e0-bas de congr\u00e8s d\u2019ASR.<\/li>\n\n\n\n<li>\u00c7a n\u2019est pas un lieu public.<\/li>\n\n\n\n<li>Un c\u00e9l\u00e8bre morceau droit du site est \u00e9tiquet\u00e9 &#8220;Mistral&#8221;&#8230;<\/li>\n\n\n\n<li>l\u2019un des membres du comit\u00e9 d\u2019organisation des VVT (qui partage son pr\u00e9nom avec lui) y a ses entr\u00e9es et y rentre parfois un de ses jouets.<\/li>\n<\/ul>\n\n\n\n<p>Facile, non&nbsp;? <a href=\"https:\/\/maps.google.com\/maps?q=circuit+du+castellet+paul+ricard&amp;hl=en&amp;sll=43.246453,5.791855&amp;sspn=0.161302,0.260925&amp;hq=circuit+du+castellet+paul+ricard&amp;t=m&amp;z=12\">Comptez 45\u2019 depuis Marseille, commencez \u00e0 organiser votre covoiturage au circuit du castellet<\/a><\/p>\n\n\n\n<p><strong>\u2013<\/strong>&nbsp;L\u2019inscription est comme d\u2019habitude gratuite mais obligatoire et se fait en cliquant sur le lien suivant&nbsp;: <a href=\"mailto:cesar-vvt2013-inscriptions@listes.esil.univmed.fr\">cesar-vvt2013-inscriptions@listes.esil.univmed.fr<\/a><\/p>\n\n\n\n<p><em><strong>Le programme&nbsp;:<\/strong><\/em><br>il d\u00e9pend de VOUS, chers c\u00e9sariens. Nous attendons avec impatience vos propositions de tout type&nbsp;: nouvelle techno, retour d\u2019exp\u00e9rience, mise en place organisationnelle, etc. Seule contrainte&nbsp;: en lien avec le m\u00e9tier d\u2019ASR.<\/p>\n\n\n\n<p>Envoyez vos propositions \u00e0 la liste <a href=\"mailto:cesar-vvt2013-soumissions@listes.esil.univmed.fr\">cesar-vvt2013-soumissions@listes.esil.univmed.fr<\/a><\/p>\n\n\n\n<p><strong>\u2013<\/strong>&nbsp;Pr\u00e9sentations orales&nbsp;: elles devraient respecter (\u00e0 peu pr\u00e8s&#8230;) le format suivant&nbsp;:<\/p>\n\n\n\n<p><strong>\u2013<\/strong>&nbsp;expos\u00e9 classique avec transparents&nbsp;; 1\/2h questions comprises&nbsp;; pr\u00e9sentation et tous documents annexes disponibles \u00e9lectroniquement par la suite.<\/p>\n\n\n\n<p><strong>\u2013<\/strong>&nbsp;Une question&nbsp;?&nbsp;: <a href=\"mailto:cesar-VVT2013-questions@listes.esil.univmed.fr\">cesar-VVT2013-questions@listes.esil.univmed.fr<\/a><\/p>\n","protected":false},"excerpt":{"rendered":"<p>Les Videos et photos de la journ\u00e9e VVT \u2013&nbsp;la journ\u00e9e sera capt\u00e9e film\u00e9e enregistr\u00e9e par Ecole Centrale Marseille et son pilier technologique geoffroy Desvernay \u2013&nbsp;Les photos VVT2013 sont l\u00e0\u00e0\u00e0\u00e0 Le Programme VVT 2013 6\u00e8me \u00e9dition des journ\u00e9es VVT du r\u00e9seau m\u00e9tier ASR Cesar, Cette ann\u00e9e un programme qui vrombit comme un moteur de F1avec thierry [&hellip;]<\/p>\n","protected":false},"author":1,"featured_media":0,"parent":0,"menu_order":0,"comment_status":"closed","ping_status":"closed","template":"","meta":{"footnotes":""},"class_list":["post-72","page","type-page","status-publish","hentry","entry"],"_links":{"self":[{"href":"https:\/\/cesar.resinfo.org\/wordpress\/index.php\/wp-json\/wp\/v2\/pages\/72","targetHints":{"allow":["GET"]}}],"collection":[{"href":"https:\/\/cesar.resinfo.org\/wordpress\/index.php\/wp-json\/wp\/v2\/pages"}],"about":[{"href":"https:\/\/cesar.resinfo.org\/wordpress\/index.php\/wp-json\/wp\/v2\/types\/page"}],"author":[{"embeddable":true,"href":"https:\/\/cesar.resinfo.org\/wordpress\/index.php\/wp-json\/wp\/v2\/users\/1"}],"replies":[{"embeddable":true,"href":"https:\/\/cesar.resinfo.org\/wordpress\/index.php\/wp-json\/wp\/v2\/comments?post=72"}],"version-history":[{"count":1,"href":"https:\/\/cesar.resinfo.org\/wordpress\/index.php\/wp-json\/wp\/v2\/pages\/72\/revisions"}],"predecessor-version":[{"id":73,"href":"https:\/\/cesar.resinfo.org\/wordpress\/index.php\/wp-json\/wp\/v2\/pages\/72\/revisions\/73"}],"wp:attachment":[{"href":"https:\/\/cesar.resinfo.org\/wordpress\/index.php\/wp-json\/wp\/v2\/media?parent=72"}],"curies":[{"name":"wp","href":"https:\/\/api.w.org\/{rel}","templated":true}]}}