{"id":70,"date":"2025-06-11T13:52:25","date_gmt":"2025-06-11T13:52:25","guid":{"rendered":"https:\/\/cesar.resinfo.org\/wordpress\/?page_id=70"},"modified":"2025-06-11T14:47:16","modified_gmt":"2025-06-11T14:47:16","slug":"vvt-2014","status":"publish","type":"page","link":"https:\/\/cesar.resinfo.org\/wordpress\/index.php\/vvt-2014\/","title":{"rendered":"VVT 2014"},"content":{"rendered":"\n<h2 class=\"wp-block-heading\">Le programme<\/h2>\n\n\n\n<figure class=\"wp-block-table\"><table class=\"has-fixed-layout\"><thead><tr><th>Horaire<\/th><th>Orateur<\/th><th>Titre<\/th><th>Supports de pr\u00e9sentation<\/th><\/tr><\/thead><tbody><tr><td>8h30 &#8211; 9h<\/td><td><\/td><td>Accueil<\/td><td><\/td><\/tr><tr><td>9h &#8211; 9h20<\/td><td><\/td><td>Pr\u00e9sentation du circuit et du r\u00e9seau CESAR<\/td><td><\/td><\/tr><tr><td>9h20 &#8211; 9h40<\/td><td>Didier Mallarino \/ Christophe Yohia<\/td><td>D\u00e9veloppement scientifique&nbsp;: le GIS du projet Europ\u00e9en TOSCA et son \u00e9volution<\/td><td><\/td><\/tr><tr><td>9h40 &#8211; 10h10<\/td><td>Sylvain Biscarlet<\/td><td>Pr\u00e9sentation partenaire (Dell)<\/td><td><\/td><\/tr><tr><td>10h10 &#8211; 10h20<\/td><td>Didier Mallarino<\/td><td>ECOInfo<\/td><td><\/td><\/tr><tr><td>10h20 &#8211; 10h40<\/td><td><\/td><td>pause caf\u00e9<\/td><td><\/td><\/tr><tr><td>10h40 &#8211; 11h20<\/td><td>Serge Portella<\/td><td>Fusion des universit\u00e9s et mutualisation<\/td><td><\/td><\/tr><tr><td>11h20<\/td><td><\/td><td>Actu &#8211; L\u2019\u00e9volution de Renater<\/td><td><\/td><\/tr><tr><td>11h20 &#8211; 12h00<\/td><td>St\u00e9phane Igounet \/ Maxime Charpenne<\/td><td>PARTAGE en Avignon<\/td><td><\/td><\/tr><tr><td>12h00 &#8211; 14h30<\/td><td><\/td><td>repas<\/td><td><\/td><\/tr><tr><td>14h30 &#8211; 15h00<\/td><td>G\u00e9rard Castagnoli \/ Armand Rotereau<\/td><td>D\u00e9veloppement scientifique&nbsp;: Exemple d\u2019exploitation commune de bases de donn\u00e9es (projet COOPERATE)<\/td><td><\/td><\/tr><tr><td>15h00 &#8211; 15h30<\/td><td>Serge Boulendi \/Thierry Jaillet<\/td><td>Pr\u00e9sentation partenaire (Capella Media)<\/td><td><\/td><\/tr><tr><td>15h30<\/td><td><\/td><td>Actu &#8211; Lancement du r\u00e9seau ProDev<\/td><td><\/td><\/tr><tr><td>15h30 &#8211; 16h00<\/td><td>Geoffroy Desvernay \/ Arnaud Salvucci<\/td><td>Git de survie (ou pas)<\/td><td><a href=\"http:\/\/arnucci.github.io\/git-vvt2014\/#\/\">10 &#8211; Git de survie<\/a><\/td><\/tr><tr><td>16h00 &#8211; 16h20<\/td><td><\/td><td>pause<\/td><td><\/td><\/tr><tr><td>16h20 &#8211; 17h00<\/td><td>Julien Charpin<\/td><td>Gestion des configurations r\u00e9seau sur une structure multi-sites<\/td><td><\/td><\/tr><tr><td>17h00 &#8211; 17h20<\/td><td><\/td><td>Actus &#8211; D\u00e9mo Jitsi \/ Le SILL 2014 et les logiciels libres \/ La mort de TrueCrypt<\/td><td><\/td><\/tr><\/tbody><\/table><\/figure>\n\n\n\n<h2 class=\"wp-block-heading\">comment venir&nbsp;?<\/h2>\n\n\n\n<p>Comme l\u2019ann\u00e9e derni\u00e8re, la journ\u00e9e VVT sera organis\u00e9e sur le circuit du Castellet.<\/p>\n\n\n\n<p><a href=\"https:\/\/maps.google.com\/maps?q=circuit+du+castellet+paul+ricard&amp;hl=en&amp;sll=43.246453,5.791855&amp;sspn=0.161302,0.260925&amp;hq=circuit+du+castellet+paul+ricard&amp;t=m&amp;z=12\"><strong>Pour aller au circuit du castellet<\/strong><\/a><\/p>\n\n\n\n<h2 class=\"wp-block-heading\">L\u2019annonce<\/h2>\n\n\n\n<p>Comme l\u2019\u00e9dition pr\u00e9c\u00e9dente a rencontr\u00e9 un franc succ\u00e8s, cette ann\u00e9e encore, les VVTs seront des Vroum Vroum Trinqui&nbsp;!<\/p>\n\n\n\n<p><strong>Le lieu&nbsp;:<\/strong> ce sera \u00e0 nouveau le circuit du Castellet (Merci d\u2019ailleurs \u00e0 Thierry de nous offrir cette opportunit\u00e9&nbsp;!).<\/p>\n\n\n\n<p><strong>La date&nbsp;:<\/strong> le 4 Juillet, pour terminer l\u2019ann\u00e9e scolaire en beaut\u00e9, et un vendredi pouvoir prolonger les discussions le soir venu sans avoir d\u2019imp\u00e9ratif horaire trop pressant.<\/p>\n\n\n\n<p><strong>Le contenu&nbsp;:<\/strong> des pr\u00e9sentations de la communaut\u00e9, des partenaires commerciaux appr\u00e9ci\u00e9s, que du bon&nbsp;!<\/p>\n\n\n\n<p>Et enfin, nous attendons vos propositions de pr\u00e9sentations, pour que cette journ\u00e9e soit \u00e0 la hauteur des pr\u00e9c\u00e9dentes.<\/p>\n\n\n\n<p>Cette ann\u00e9e, nous proposerons deux formats. Un format classique, 25 \u00e0 30 minutes, avec des transparents, questions, applaudissements. Et puis il y aura aussi un format plus court, lightning talk. De 5 \u00e0 10 minutes, sans questions,<br>applaudissements aussi. Avec des transparents aussi, puisque vous insistez. Le sujet devra \u1ebftre en rapport avec le m\u00e9tier, technique ou organisationnel. Et peut concerner aussi bien la mise en place d\u2019un service offert \u00e0 un nombre d\u2019utilisateurs impressionants, comme un logiciel impl\u00e9ment\u00e9 dans une petite structure. Pour partager. Et d\u2019ailleurs, \u00e0 propos de partage, y-aurait\u2019il dans la salle des utilisateurs de la solution offerte par RENATER, pour nous faire un premier retour<br>sur ce service tout nouveau&nbsp;?<\/p>\n\n\n\n<p>Bien sur, cette ann\u00e9e encore, les orateurs seront r\u00e9compens\u00e9s, en plus de la reconnaissance de la communaut\u00e9 et des applaudissements nourris, par le tee-shirt officiel.<\/p>\n\n\n\n<p>Pendant la pause de midi, il y aura peut-\u00eatre une s\u00e9ance de vroum-vroum, qui sera organis\u00e9e ult\u00e9rieurement, Thierry est d\u2019accord pour remettre son titre en jeu. Un after est \u00e0 pr\u00e9voir, mais pas encore finalis\u00e9.<\/p>\n\n\n\n<p>Voil\u00e0, un message un peu bateau, pour une annonce d\u2019importance. Inscrivez vous, mettez vous en r\u00e8gle aupr\u00e8s de votre hi\u00e9rarchie pour pouvoir assister \u00e0 l\u2019\u00e9v\u00e9nement (OM sans frais, d\u00e9clarez vous aupr\u00e8s de notre ch\u00e8re Agate, de votre chef de service ou de votre secr\u00e9taire) et soumettez des propositions. Dans l\u2019ordre que vous voulez&nbsp;!<\/p>\n\n\n\n<p><\/p>\n","protected":false},"excerpt":{"rendered":"<p>Le programme Horaire Orateur Titre Supports de pr\u00e9sentation 8h30 &#8211; 9h Accueil 9h &#8211; 9h20 Pr\u00e9sentation du circuit et du r\u00e9seau CESAR 9h20 &#8211; 9h40 Didier Mallarino \/ Christophe Yohia D\u00e9veloppement scientifique&nbsp;: le GIS du projet Europ\u00e9en TOSCA et son \u00e9volution 9h40 &#8211; 10h10 Sylvain Biscarlet Pr\u00e9sentation partenaire (Dell) 10h10 &#8211; 10h20 Didier Mallarino ECOInfo [&hellip;]<\/p>\n","protected":false},"author":1,"featured_media":0,"parent":0,"menu_order":0,"comment_status":"closed","ping_status":"closed","template":"","meta":{"footnotes":""},"class_list":["post-70","page","type-page","status-publish","hentry","entry"],"_links":{"self":[{"href":"https:\/\/cesar.resinfo.org\/wordpress\/index.php\/wp-json\/wp\/v2\/pages\/70","targetHints":{"allow":["GET"]}}],"collection":[{"href":"https:\/\/cesar.resinfo.org\/wordpress\/index.php\/wp-json\/wp\/v2\/pages"}],"about":[{"href":"https:\/\/cesar.resinfo.org\/wordpress\/index.php\/wp-json\/wp\/v2\/types\/page"}],"author":[{"embeddable":true,"href":"https:\/\/cesar.resinfo.org\/wordpress\/index.php\/wp-json\/wp\/v2\/users\/1"}],"replies":[{"embeddable":true,"href":"https:\/\/cesar.resinfo.org\/wordpress\/index.php\/wp-json\/wp\/v2\/comments?post=70"}],"version-history":[{"count":3,"href":"https:\/\/cesar.resinfo.org\/wordpress\/index.php\/wp-json\/wp\/v2\/pages\/70\/revisions"}],"predecessor-version":[{"id":111,"href":"https:\/\/cesar.resinfo.org\/wordpress\/index.php\/wp-json\/wp\/v2\/pages\/70\/revisions\/111"}],"wp:attachment":[{"href":"https:\/\/cesar.resinfo.org\/wordpress\/index.php\/wp-json\/wp\/v2\/media?parent=70"}],"curies":[{"name":"wp","href":"https:\/\/api.w.org\/{rel}","templated":true}]}}