{"id":68,"date":"2025-06-11T13:52:03","date_gmt":"2025-06-11T13:52:03","guid":{"rendered":"https:\/\/cesar.resinfo.org\/wordpress\/?page_id=68"},"modified":"2025-06-11T13:52:03","modified_gmt":"2025-06-11T13:52:03","slug":"vvt-2015","status":"publish","type":"page","link":"https:\/\/cesar.resinfo.org\/wordpress\/index.php\/vvt-2015\/","title":{"rendered":"VVT 2015"},"content":{"rendered":"\n<h2 class=\"wp-block-heading\">L\u2019annonce<\/h2>\n\n\n\n<p>Qu\u2019on se le dise&nbsp;: Les VVT nouveaux arrivent.<\/p>\n\n\n\n<p>Le cru 2015 aura lieu \u00e0 nouveau dans un site d\u2019exception, pas le m\u00eame que ces deux derni\u00e8res ann\u00e9es, moins Vroum Vroum, peut-\u00eatre plus Veni Vidi, mais nous esp\u00e9rons que vous l\u2019appr\u00e9cierez tout autant.<\/p>\n\n\n\n<p>Cette nouvelle \u00e9dition sera donc \u00e0 la Vieille Charit\u00e9, le vendredi 3 juillet, merci beaucoup \u00e0 Gerald Chapuis et Pascal Rage, ainsi qu\u2019\u00e0 l\u2019EHESS qui nous accueillera dans ses murs.<\/p>\n\n\n\n<p>Le circuit du Castellet \u00e9tait une tr\u00e8s belle exp\u00e9rience ces deux derni\u00e8res ann\u00e9es et a visiblement \u00e9t\u00e9 bien appr\u00e9ci\u00e9 (merci beaucoup encore, Thierry), mais avant que l\u2019id\u00e9e ne soit autant us\u00e9e que la corde des virages, il nous a sembl\u00e9 int\u00e9ressant d\u2019essayer autre chose, peut-\u00eatre de donner plus de temps aux discussions.<\/p>\n\n\n\n<p>Ceux d\u2019entre vous qui ont envie de partager des nouvelles applications que vous avez d\u00e9couvertes, des solutions que vous avez mises en place, des recettes que vous avez concoct\u00e9es avec amour et qui ont fait le d\u00e9lice de votre entourage, n\u2019h\u00e9sitez pas \u00e0 nous les soumettre. Comme l\u2019ann\u00e9e pr\u00e9c\u00e9dente, vous pourrez en parler pendant 30mn environ, ou bien 5-10mn si vous le souhaitez, pour faire plein d\u2019\u00e9mules et grossir le rang de vos adorateurs.<\/p>\n\n\n\n<p>N\u2019h\u00e9sitez pas \u00e0 nous soumettre, pas seulement des pr\u00e9sentations, mais des id\u00e9es de pr\u00e9sentation qui pourraient vous venir. Cela nous permettra d\u2019aborder ces sujets qui nous concernent.<\/p>\n\n\n\n<p>Si vous voulez \u00e9galement donner un coup de main sur d\u2019autres aspects, n\u2019h\u00e9sitez pas \u00e0 nous contacter, on est preneurs.<\/p>\n\n\n\n<p>Merci \u00e0 tous pour votre participation.<\/p>\n\n\n\n<p>A tr\u00e8s bient\u00f4t<\/p>\n\n\n\n<h2 class=\"wp-block-heading\">Le programme<\/h2>\n\n\n\n<figure class=\"wp-block-table\"><table class=\"has-fixed-layout\"><thead><tr><th>Horaire<\/th><th>Orateur<\/th><th>Titre<\/th><th>Supports de pr\u00e9sentation<\/th><\/tr><\/thead><tbody><tr><td>8h30 &#8211; 9h<\/td><td><\/td><td>Accueil<\/td><td><\/td><\/tr><tr><td>9h &#8211; 9h20<\/td><td><\/td><td>Pr\u00e9sentation de la Vieille Charit\u00e9 et du r\u00e9seau CESAR<\/td><td><\/td><\/tr><tr><td>9h20 &#8211; 9h40<\/td><td><\/td><td>Actualit\u00e9s &#8211; Projets en cours<\/td><td><\/td><\/tr><tr><td>9h40 &#8211; 10h<\/td><td>Philippe Tourron<\/td><td>Syst\u00e8me d\u2019information hospitalier et s\u00e9curit\u00e9&nbsp;: de l\u2019H\u00e9bergement de donn\u00e9es de sant\u00e9 aux objets de sant\u00e9 connect\u00e9s<\/td><td><\/td><\/tr><tr><td>10h &#8211; 10h40<\/td><td>Cl\u00e9ment G\u00e9rardin<\/td><td>GRIP, un outil de gestion de l\u2019infrastructure physique des r\u00e9seaux<\/td><td><\/td><\/tr><tr><td>10h40 &#8211; 11h<\/td><td><\/td><td>Pause caf\u00e9<\/td><td><\/td><\/tr><tr><td>11h &#8211; 11h20<\/td><td>Serge Boulendi \/ Thierry Jaillet<\/td><td>Pr\u00e9sentation partenaire (Capella Media)<\/td><td><\/td><\/tr><tr><td>11h20 &#8211; 12h00<\/td><td>St\u00e9phane Igounet \/ Maxime Charpenne<\/td><td>Retour de Partage<\/td><td><\/td><\/tr><tr><td>12h00 &#8211; 12h20<\/td><td><\/td><td>Temps de discussion global<\/td><td><\/td><\/tr><tr><td>12h20 &#8211; 14h30<\/td><td><\/td><td>Repas + caf\u00e9<\/td><td><\/td><\/tr><tr><td>14h30 &#8211; 14h50<\/td><td><\/td><td>Pr\u00e9sentation partenaire (Dell)&nbsp;: Software-Defined Networking et Open Networking<\/td><td><\/td><\/tr><tr><td>14h50 &#8211; 15h30<\/td><td>Fr\u00e9d\u00e9ric Bloise<\/td><td>6PO&nbsp;: Solution d\u2019Impression sans pilote OS-agnostique<\/td><td><\/td><\/tr><tr><td>15h30 &#8211; 15h50<\/td><td><\/td><td>Pause<\/td><td><\/td><\/tr><tr><td>15h50 &#8211; 16h30<\/td><td>Julien Lecubin Adrien Malgoyre<\/td><td>Infrastructure ZFS dans l\u2019OSU Pyth\u00e9as (Proxmox, Freenas)<\/td><td><\/td><\/tr><tr><td>16h30 &#8211; 17h10<\/td><td>Collectif<\/td><td>Quelles solutions pour le stockage&nbsp;? Comparatif et retour d\u2019exp\u00e9rience sur les NAS<\/td><td><\/td><\/tr><tr><td>17h10 &#8211; 17h15<\/td><td><\/td><td>Cl\u00f4ture<\/td><td><\/td><\/tr><\/tbody><\/table><\/figure>\n\n\n\n<h2 class=\"wp-block-heading\">Comment venir&nbsp;?<\/h2>\n\n\n\n<p>Les instructions pour venir jusqu\u2019au site de la vieille charit\u00e9 se trouvent ici&nbsp;:<br><a href=\"http:\/\/www.greqam.fr\/content\/vieille-charite\">http:\/\/www.greqam.fr\/content\/vieille-charite<\/a><\/p>\n\n\n\n<p>Pour ceux qui viennent en voiture, le parking payant (le moins cher) \u00e0 proximit\u00e9 est le<br>Parking Q-Parc, 37 rue Mazenod&nbsp;: <a href=\"https:\/\/www.q-park.fr\/fr\/mobile\/trouver-un-parking\/marseille\/parking-joliette\">https:\/\/www.q-park.fr\/fr\/mobile\/trouver-un-parking\/marseille\/parking-joliette<\/a><\/p>\n\n\n\n<p>A la sortie , prendre les escaliers sur la droite qui d\u00e9bouchent sur la rue des phoc\u00e9ens puis \u00e0 droite monter la rue de Lorette et on tombe sur la Vieille Charit\u00e9.<\/p>\n\n\n\n<p>Pour ceux qui seront en transport en commun, vous pouvez aussi rajouter aussi l\u2019option Tram (T2 ou T3), arr\u00eat Sadi Carnot, passage de Lorette.<\/p>\n\n\n\n<p>Ensuite, sur le site, ce sera fl\u00e9ch\u00e9. Ce sera au niveau de la coursive de gauche (en rentrant dans la vieille charit\u00e9), <strong>au deuxi\u00e8me \u00e9tage<\/strong>, tout au fond. vous pouvez prendre le premier escalier (qui ne monte que d\u2019un \u00e9tage), \u00e0 gauche apr\u00e8s l\u2019entr\u00e9e. Puis le second escalier pour monter d\u2019un \u00e9tage suppl\u00e9mentaire. Et au bout de la coursive, vous \u00eates arriv\u00e9s.<\/p>\n","protected":false},"excerpt":{"rendered":"<p>L\u2019annonce Qu\u2019on se le dise&nbsp;: Les VVT nouveaux arrivent. Le cru 2015 aura lieu \u00e0 nouveau dans un site d\u2019exception, pas le m\u00eame que ces deux derni\u00e8res ann\u00e9es, moins Vroum Vroum, peut-\u00eatre plus Veni Vidi, mais nous esp\u00e9rons que vous l\u2019appr\u00e9cierez tout autant. Cette nouvelle \u00e9dition sera donc \u00e0 la Vieille Charit\u00e9, le vendredi 3 [&hellip;]<\/p>\n","protected":false},"author":1,"featured_media":0,"parent":0,"menu_order":0,"comment_status":"closed","ping_status":"closed","template":"","meta":{"footnotes":""},"class_list":["post-68","page","type-page","status-publish","hentry","entry"],"_links":{"self":[{"href":"https:\/\/cesar.resinfo.org\/wordpress\/index.php\/wp-json\/wp\/v2\/pages\/68","targetHints":{"allow":["GET"]}}],"collection":[{"href":"https:\/\/cesar.resinfo.org\/wordpress\/index.php\/wp-json\/wp\/v2\/pages"}],"about":[{"href":"https:\/\/cesar.resinfo.org\/wordpress\/index.php\/wp-json\/wp\/v2\/types\/page"}],"author":[{"embeddable":true,"href":"https:\/\/cesar.resinfo.org\/wordpress\/index.php\/wp-json\/wp\/v2\/users\/1"}],"replies":[{"embeddable":true,"href":"https:\/\/cesar.resinfo.org\/wordpress\/index.php\/wp-json\/wp\/v2\/comments?post=68"}],"version-history":[{"count":1,"href":"https:\/\/cesar.resinfo.org\/wordpress\/index.php\/wp-json\/wp\/v2\/pages\/68\/revisions"}],"predecessor-version":[{"id":69,"href":"https:\/\/cesar.resinfo.org\/wordpress\/index.php\/wp-json\/wp\/v2\/pages\/68\/revisions\/69"}],"wp:attachment":[{"href":"https:\/\/cesar.resinfo.org\/wordpress\/index.php\/wp-json\/wp\/v2\/media?parent=68"}],"curies":[{"name":"wp","href":"https:\/\/api.w.org\/{rel}","templated":true}]}}