{"id":66,"date":"2025-06-11T13:51:37","date_gmt":"2025-06-11T13:51:37","guid":{"rendered":"https:\/\/cesar.resinfo.org\/wordpress\/?page_id=66"},"modified":"2025-06-11T14:48:25","modified_gmt":"2025-06-11T14:48:25","slug":"vvt-2016","status":"publish","type":"page","link":"https:\/\/cesar.resinfo.org\/wordpress\/index.php\/vvt-2016\/","title":{"rendered":"VVT 2016"},"content":{"rendered":"\n<p>La cuv\u00e9e 2016 des VVT sera iod\u00e9e, et gorg\u00e9e de soleil.<\/p>\n\n\n\n<p>Cette ann\u00e9e, l\u2019\u00e9v\u00e8nement se produira le Vendredi 1er Juillet, dans la salle de l\u2019OSU Pyth\u00e9as, sur le site de la station marine d\u2019Endoume. Presque les pieds dans l\u2019eau, donc, pour \u00eatre pr\u00e9cis&#8230; Merci \u00e0 l\u2019IMBE de nous accueillir.<br>Pour ceux qui ne sauraient pas comment venir, vous trouverez des indications ici&nbsp;:<br><a href=\"http:\/\/www.mio.osupytheas.fr\/?-Plans-d-acces-\">http:\/\/www.mio.osupytheas.fr\/?-Plans-d-acces-<\/a><\/p>\n\n\n\n<p>Les propositions ont \u00e9t\u00e9 nombreuses, et, sur un terrain aussi fertile, nous avons pu concocter un programme de haute teneur, bien charpent\u00e9. Dans la tradition du c\u00e9page Cesarien, un concentr\u00e9 de s\u00e9rieux et de bonne humeur, pour \u00e9viter la prise de t\u00eate.<\/p>\n\n\n\n<h2 class=\"wp-block-heading\">Le programme<\/h2>\n\n\n\n<figure class=\"wp-block-table\"><table class=\"has-fixed-layout\"><thead><tr><th>Horaire<\/th><th>Orateur<\/th><th>Titre<\/th><th>Supports de pr\u00e9sentation<\/th><\/tr><\/thead><tbody><tr><td>9h00 &#8211; 9h15<\/td><td><\/td><td>Accueil<\/td><td><\/td><\/tr><tr><td>9h15 &#8211; 9h20<\/td><td><\/td><td>Pr\u00e9sentation de la journ\u00e9e<\/td><td><\/td><\/tr><tr><td>9h20 &#8211; 10h00<\/td><td>Mathieu Molineris<\/td><td>La messagerie AMU<\/td><td><\/td><\/tr><tr><td>10h00 &#8211; 10h40<\/td><td>Geoffroy Desvernay<\/td><td>ECMail<\/td><td><\/td><\/tr><tr><td>10h40 &#8211; 11h00<\/td><td><\/td><td>Pause<\/td><td><\/td><\/tr><tr><td>11h00 &#8211; 11h20<\/td><td>Capella Media<\/td><td>Pr\u00e9sentation Partenaire<\/td><td><\/td><\/tr><tr><td>11h20 &#8211; 11h40<\/td><td>Emmanuel Lestrelin \/ Laurent Michaudet et Maurice Libes<\/td><td>Wapt et Chocolatey<\/td><td><\/td><\/tr><tr><td>11h40 &#8211; 12h20<\/td><td>Cyrille Blanpain, Adrien Malgoyre, Julien Lecubin<\/td><td>Le projet Fripon<\/td><td><\/td><\/tr><tr><td>12h20 &#8211; 13h55<\/td><td><\/td><td>Repas<\/td><td><\/td><\/tr><tr><td>13h55 &#8211; 14h10<\/td><td>Lo\u00efc Mayol<\/td><td>Ansible et Shinken<\/td><td><\/td><\/tr><tr><td>14h10 &#8211; 14h25<\/td><td>Maurice Libes<\/td><td>Keefox et KeePass<\/td><td><\/td><\/tr><tr><td>14h25 &#8211; 14h45<\/td><td>HP<\/td><td>Pr\u00e9sentation Partenaire<\/td><td><\/td><\/tr><tr><td>14h45 &#8211; 15h05<\/td><td>Evolix<\/td><td>Pr\u00e9sentation Partenaire&nbsp;:<br>Adoption progressive d\u2019Ansible dans une \u00e9quipe de sysadmins<\/td><td><\/td><\/tr><tr><td>15h05 &#8211; 15h45<\/td><td>Arnaud F\u00e9vrier<\/td><td>Analyse r\u00e9seau avec la libpcap<\/td><td><\/td><\/tr><tr><td>15h45 &#8211; 16h00<\/td><td><\/td><td>Pause<\/td><td><\/td><\/tr><tr><td>16h00 &#8211; 16h15<\/td><td>Jean-Philippe Floret<\/td><td>SIAMU<\/td><td><\/td><\/tr><tr><td>16h15 &#8211; 16h55<\/td><td>Patrice Cacciuttolo<\/td><td>Faut-il un doctorat pour une ma\u00eetrise des licences dans un labo&nbsp;?<br>(ou examen de notre Facult\u00e9 d\u2019Economie et de Gestion &#8230; du parc logiciel)<\/td><td><\/td><\/tr><tr><td>16h55 &#8211; 17h10<\/td><td><\/td><td>Petit tour d\u2019horizon des contributions cesaristes au logiciel libre<\/td><td><\/td><\/tr><tr><td>17h10 &#8211; 17h15<\/td><td><\/td><td>Cl\u00f4ture &#8230;<\/td><td><\/td><\/tr><\/tbody><\/table><\/figure>\n\n\n\n<p>Maintenant que vous voil\u00e0 all\u00e9ch\u00e9s, il ne reste qu\u2019\u00e0 vous donner une information, qui est le nom de la liste de diffusion qui nous servira \u00e0 g\u00e9rer les inscriptions. Les inscriptions ont \u00e9t\u00e9 un grand succ\u00e8s, les nouveaux inscrits sont d\u00e9sormais en liste d\u2019attente. <\/p>\n","protected":false},"excerpt":{"rendered":"<p>La cuv\u00e9e 2016 des VVT sera iod\u00e9e, et gorg\u00e9e de soleil. Cette ann\u00e9e, l\u2019\u00e9v\u00e8nement se produira le Vendredi 1er Juillet, dans la salle de l\u2019OSU Pyth\u00e9as, sur le site de la station marine d\u2019Endoume. Presque les pieds dans l\u2019eau, donc, pour \u00eatre pr\u00e9cis&#8230; Merci \u00e0 l\u2019IMBE de nous accueillir.Pour ceux qui ne sauraient pas comment [&hellip;]<\/p>\n","protected":false},"author":1,"featured_media":0,"parent":0,"menu_order":0,"comment_status":"closed","ping_status":"closed","template":"","meta":{"footnotes":""},"class_list":["post-66","page","type-page","status-publish","hentry","entry"],"_links":{"self":[{"href":"https:\/\/cesar.resinfo.org\/wordpress\/index.php\/wp-json\/wp\/v2\/pages\/66","targetHints":{"allow":["GET"]}}],"collection":[{"href":"https:\/\/cesar.resinfo.org\/wordpress\/index.php\/wp-json\/wp\/v2\/pages"}],"about":[{"href":"https:\/\/cesar.resinfo.org\/wordpress\/index.php\/wp-json\/wp\/v2\/types\/page"}],"author":[{"embeddable":true,"href":"https:\/\/cesar.resinfo.org\/wordpress\/index.php\/wp-json\/wp\/v2\/users\/1"}],"replies":[{"embeddable":true,"href":"https:\/\/cesar.resinfo.org\/wordpress\/index.php\/wp-json\/wp\/v2\/comments?post=66"}],"version-history":[{"count":2,"href":"https:\/\/cesar.resinfo.org\/wordpress\/index.php\/wp-json\/wp\/v2\/pages\/66\/revisions"}],"predecessor-version":[{"id":113,"href":"https:\/\/cesar.resinfo.org\/wordpress\/index.php\/wp-json\/wp\/v2\/pages\/66\/revisions\/113"}],"wp:attachment":[{"href":"https:\/\/cesar.resinfo.org\/wordpress\/index.php\/wp-json\/wp\/v2\/media?parent=66"}],"curies":[{"name":"wp","href":"https:\/\/api.w.org\/{rel}","templated":true}]}}