{"id":64,"date":"2025-06-11T13:51:12","date_gmt":"2025-06-11T13:51:12","guid":{"rendered":"https:\/\/cesar.resinfo.org\/wordpress\/?page_id=64"},"modified":"2025-06-11T14:13:45","modified_gmt":"2025-06-11T14:13:45","slug":"vvt-2017","status":"publish","type":"page","link":"https:\/\/cesar.resinfo.org\/wordpress\/index.php\/vvt-2017\/","title":{"rendered":"VVT 2017"},"content":{"rendered":"\n<p>Les VVTs \u00e9dition 2017 sont annonc\u00e9es\u00a0: la journ\u00e9e aura lieu le Vendredi 23 Juin, sur le campus de Luminy, dans l\u2019amphi d\u2019Oceanomed.<br><\/p>\n\n\n\n<h2 class=\"wp-block-heading\">Le Programme&nbsp;:<\/h2>\n\n\n\n<figure class=\"wp-block-table\"><table class=\"has-fixed-layout\"><thead><tr><th>Horaire<\/th><th>Orateur<\/th><th>Titre<\/th><th>Supports de pr\u00e9sentation<\/th><\/tr><\/thead><tbody><tr><td>9h00 &#8211; 9h15<\/td><td><\/td><td>Accueil<\/td><td><\/td><\/tr><tr><td>9h15 &#8211; 9h20<\/td><td>Pascal Mouret<\/td><td>Pr\u00e9sentation de la journ\u00e9e<\/td><td><\/td><\/tr><tr><td>9h20 &#8211; 10h00<\/td><td>Geoffroy Desvernay<\/td><td>ECFirewall<\/td><td><a href=\"https:\/\/criecm.github.io\/vvt2017-pf\/\">Pr\u00e9sentation<\/a><\/td><\/tr><tr><td>10h00 &#8211; 10h40<\/td><td>Mathieu Molineris<\/td><td>Optimiser &amp; communiquer gr\u00e2ce \u00e0 la supervision<\/td><td><\/td><\/tr><tr><td>10h40 &#8211; 11h00<\/td><td><\/td><td>Pause<\/td><td><\/td><\/tr><tr><td>11h00 &#8211; 11h20<\/td><td>Capella Media<\/td><td>Pr\u00e9sentation Partenaire&nbsp;: Les donn\u00e9es de l\u2019entreprise sont identifi\u00e9es comme importantes mais n\u00e9glig\u00e9es<\/td><td><\/td><\/tr><tr><td>11h20 &#8211; 11h50<\/td><td>Patrice Joly, Fr\u00e9d\u00e9ric Forestier et Sofiane Meradji<\/td><td>Administration \/ Gestion de clusters de calculs<\/td><td><\/td><\/tr><tr><td>11h50 &#8211; 12h10<\/td><td>Bernard Chetrit<\/td><td>Cluster de calcul&nbsp;: utilisation de containers applicatifs<\/td><td><\/td><\/tr><tr><td>12h10 &#8211; 14h00<\/td><td><\/td><td>Repas<\/td><td><\/td><\/tr><tr><td>14h00 &#8211; 14h20<\/td><td>HPE<\/td><td>Pr\u00e9sentation Partenaire&nbsp;: Gestion du WIFI haute densit\u00e9 avec la version 8 d\u2019Aruba OS<\/td><td><\/td><\/tr><tr><td>14h20 &#8211; 14h35<\/td><td>Franck Lichnowski<\/td><td>Backup temporel avec ALN<\/td><td><\/td><\/tr><tr><td>14h35 &#8211; 14h50<\/td><td>Maurice Libes<\/td><td>Borg Backup<\/td><td><\/td><\/tr><tr><td>14h50 &#8211; 15h05<\/td><td>Jonathan Staimphin<\/td><td>Phase pilote VDI avec Vmware Horizon 7<\/td><td><\/td><\/tr><tr><td>15h05 &#8211; 15h10<\/td><td><\/td><td>Actualit\u00e9s&nbsp;: Matinfo 4<\/td><td><\/td><\/tr><tr><td>15h10 &#8211; 15h30<\/td><td>Evolix<\/td><td>Pr\u00e9sentation Partenaire&nbsp;: Let\u2019s encrypt&nbsp;!<\/td><td><\/td><\/tr><tr><td>15h30 &#8211; 15h45<\/td><td>Arnaud F\u00e9vrier<\/td><td>Knock, knock, y a t\u2019il un serveur dans l\u2019IP&nbsp;?<\/td><td><\/td><\/tr><tr><td>15h45 &#8211; 16h00<\/td><td><\/td><td>Pause<\/td><td><\/td><\/tr><tr><td>16h00 &#8211; 16h40<\/td><td>Julien Valiente<\/td><td>Vous reprendrez bien un peu de secur\u2019&nbsp;?<\/td><td><\/td><\/tr><tr><td>16h40 &#8211; 17h10<\/td><td>(Table Ronde)<\/td><td>L\u2019\u00e9volution des m\u00e9tiers de l\u2019informatique dans l\u2019Enseignement Sup\u00e9rieur et la Recherche<\/td><td><\/td><\/tr><tr><td>17h10 &#8211; 17h15<\/td><td><\/td><td>Cl\u00f4ture &#8230;<\/td><td><\/td><\/tr><\/tbody><\/table><\/figure>\n\n\n\n<h2 class=\"wp-block-heading\"><\/h2>\n\n\n\n<p><\/p>\n","protected":false},"excerpt":{"rendered":"<p>Les VVTs \u00e9dition 2017 sont annonc\u00e9es\u00a0: la journ\u00e9e aura lieu le Vendredi 23 Juin, sur le campus de Luminy, dans l\u2019amphi d\u2019Oceanomed. Le Programme&nbsp;: Horaire Orateur Titre Supports de pr\u00e9sentation 9h00 &#8211; 9h15 Accueil 9h15 &#8211; 9h20 Pascal Mouret Pr\u00e9sentation de la journ\u00e9e 9h20 &#8211; 10h00 Geoffroy Desvernay ECFirewall Pr\u00e9sentation 10h00 &#8211; 10h40 Mathieu Molineris [&hellip;]<\/p>\n","protected":false},"author":1,"featured_media":0,"parent":0,"menu_order":0,"comment_status":"closed","ping_status":"closed","template":"","meta":{"footnotes":""},"class_list":["post-64","page","type-page","status-publish","hentry","entry"],"_links":{"self":[{"href":"https:\/\/cesar.resinfo.org\/wordpress\/index.php\/wp-json\/wp\/v2\/pages\/64","targetHints":{"allow":["GET"]}}],"collection":[{"href":"https:\/\/cesar.resinfo.org\/wordpress\/index.php\/wp-json\/wp\/v2\/pages"}],"about":[{"href":"https:\/\/cesar.resinfo.org\/wordpress\/index.php\/wp-json\/wp\/v2\/types\/page"}],"author":[{"embeddable":true,"href":"https:\/\/cesar.resinfo.org\/wordpress\/index.php\/wp-json\/wp\/v2\/users\/1"}],"replies":[{"embeddable":true,"href":"https:\/\/cesar.resinfo.org\/wordpress\/index.php\/wp-json\/wp\/v2\/comments?post=64"}],"version-history":[{"count":2,"href":"https:\/\/cesar.resinfo.org\/wordpress\/index.php\/wp-json\/wp\/v2\/pages\/64\/revisions"}],"predecessor-version":[{"id":107,"href":"https:\/\/cesar.resinfo.org\/wordpress\/index.php\/wp-json\/wp\/v2\/pages\/64\/revisions\/107"}],"wp:attachment":[{"href":"https:\/\/cesar.resinfo.org\/wordpress\/index.php\/wp-json\/wp\/v2\/media?parent=64"}],"curies":[{"name":"wp","href":"https:\/\/api.w.org\/{rel}","templated":true}]}}