{"id":62,"date":"2025-06-11T13:50:44","date_gmt":"2025-06-11T13:50:44","guid":{"rendered":"https:\/\/cesar.resinfo.org\/wordpress\/?page_id=62"},"modified":"2025-06-11T13:50:44","modified_gmt":"2025-06-11T13:50:44","slug":"vvt-2018","status":"publish","type":"page","link":"https:\/\/cesar.resinfo.org\/wordpress\/index.php\/vvt-2018\/","title":{"rendered":"VVT 2018"},"content":{"rendered":"\n<p>La journ\u00e9e VVT, pour son dixi\u00e8me anniversaire, se tiendra le Vendredi 22 Juin 2018, de 9h \u00e0 17h30. Elle aura lieu \u00e0 Luminy, dans l\u2019amphith\u00e9\u00e2tre Oceanomed, qui nous a d\u00e9j\u00e0 accueilli pour quelques \u00e9ditions.<\/p>\n\n\n\n<h2 class=\"wp-block-heading\">Le Programme&nbsp;:<\/h2>\n\n\n\n<figure class=\"wp-block-table\"><table class=\"has-fixed-layout\"><thead><tr><th>Horaire<\/th><th>Orateur<\/th><th>Titre<\/th><th>Supports de pr\u00e9sentation<\/th><\/tr><\/thead><tbody><tr><td>9h00 &#8211; 9h15<\/td><td><\/td><td>Accueil<\/td><td><\/td><\/tr><tr><td>9h15 &#8211; 9h30<\/td><td>Vincent Bayle, Pascal Mouret<\/td><td>Introduction de la journ\u00e9e, actualit\u00e9s du r\u00e9seau<\/td><td><\/td><\/tr><tr><td>9h30 &#8211; 10h10<\/td><td>Emmanuel Lestrelin<\/td><td>iPXE&nbsp;: fonctionnalit\u00e9s et applications<\/td><td><\/td><\/tr><tr><td>10h10 &#8211; 10h50<\/td><td>Geoffroy Desvernais<\/td><td>DMARC ma tuer<\/td><td>(annul\u00e9)<\/td><\/tr><tr><td>10h50 &#8211; 11h20<\/td><td><\/td><td>Pause<\/td><td><\/td><\/tr><tr><td>11h20 &#8211; 11h40<\/td><td>Capella Media<\/td><td>Pr\u00e9sentation Partenaire<\/td><td><\/td><\/tr><tr><td>11h40 &#8211; 12h30<\/td><td>G\u00e9rard Milhaud<\/td><td>Table ronde&nbsp;: Quelles orientations pour les informaticiens de labo dans le contexte des DSI&nbsp;?<\/td><td><\/td><\/tr><tr><td>12h30 &#8211; 14h00<\/td><td><\/td><td>Repas<\/td><td><\/td><\/tr><tr><td>14h00 &#8211; 14h40<\/td><td>Fanny Marcel, Julien Charpin<\/td><td>Projet cellule de crise UAPV &#8211; Plateforme d\u2019alerte SMS<\/td><td><\/td><\/tr><tr><td>14h40 &#8211; 15h20<\/td><td>Dominique Lalot<\/td><td>Nouveaux services apport\u00e9s par CAS V5<\/td><td><\/td><\/tr><tr><td>15h20 &#8211; 16h50<\/td><td><\/td><td>Pause<\/td><td><\/td><\/tr><tr><td>15h50 &#8211; 16h10<\/td><td>Gregory Colpart et J\u00e9r\u00e9my Lecour, Evolix<\/td><td>Pr\u00e9sentation partenaire&nbsp;: \u00e9tat de l\u2019art des conteneurs sous Linux<\/td><td><a href=\"https:\/\/speakerdeck.com\/evolix\/les-conteneurs-sous-linux-un-etat-de-lart\">En ligne<\/a><\/td><\/tr><tr><td>16h10 &#8211; 16h20<\/td><td>Emmanuel Lestrelin<\/td><td>OpenManage\u2122 Enterprise Tech Release<\/td><td><\/td><\/tr><tr><td>16h20 &#8211; 17h00<\/td><td>Adrien Malgoyre, Julien Lecubin, Cyrille Blanpain<\/td><td>Colibri, un GFT du projet SVOM<\/td><td><\/td><\/tr><tr><td>17h00 &#8211; &#8230;<\/td><td><\/td><td>Cl\u00f4ture &#8230;<\/td><td><\/td><\/tr><\/tbody><\/table><\/figure>\n\n\n\n<h2 class=\"wp-block-heading\">Les inscriptions&nbsp;:<\/h2>\n\n\n\n<p>Comme les ann\u00e9es pr\u00e9c\u00e9dentes, les inscriptions \u00e0 la journ\u00e9e se font par l\u2019interm\u00e9diaire de l\u2019inscription \u00e0 la mailing liste suivante&nbsp;:<\/p>\n\n\n\n<p><a href=\"mailto:sympa@listes.resinfo.org?subject=subscribe%20cesar-vvt-2018-inscriptions\">cesar-vvt-2018-inscriptions@listes.resinfo.org<\/a><\/p>\n\n\n\n<p>Au plaisir de vous y retrouver nombreux&nbsp;!!!<\/p>\n\n\n\n<p>Le CMT<\/p>\n","protected":false},"excerpt":{"rendered":"<p>La journ\u00e9e VVT, pour son dixi\u00e8me anniversaire, se tiendra le Vendredi 22 Juin 2018, de 9h \u00e0 17h30. Elle aura lieu \u00e0 Luminy, dans l\u2019amphith\u00e9\u00e2tre Oceanomed, qui nous a d\u00e9j\u00e0 accueilli pour quelques \u00e9ditions. Le Programme&nbsp;: Horaire Orateur Titre Supports de pr\u00e9sentation 9h00 &#8211; 9h15 Accueil 9h15 &#8211; 9h30 Vincent Bayle, Pascal Mouret Introduction de [&hellip;]<\/p>\n","protected":false},"author":1,"featured_media":0,"parent":0,"menu_order":0,"comment_status":"closed","ping_status":"closed","template":"","meta":{"footnotes":""},"class_list":["post-62","page","type-page","status-publish","hentry","entry"],"_links":{"self":[{"href":"https:\/\/cesar.resinfo.org\/wordpress\/index.php\/wp-json\/wp\/v2\/pages\/62","targetHints":{"allow":["GET"]}}],"collection":[{"href":"https:\/\/cesar.resinfo.org\/wordpress\/index.php\/wp-json\/wp\/v2\/pages"}],"about":[{"href":"https:\/\/cesar.resinfo.org\/wordpress\/index.php\/wp-json\/wp\/v2\/types\/page"}],"author":[{"embeddable":true,"href":"https:\/\/cesar.resinfo.org\/wordpress\/index.php\/wp-json\/wp\/v2\/users\/1"}],"replies":[{"embeddable":true,"href":"https:\/\/cesar.resinfo.org\/wordpress\/index.php\/wp-json\/wp\/v2\/comments?post=62"}],"version-history":[{"count":1,"href":"https:\/\/cesar.resinfo.org\/wordpress\/index.php\/wp-json\/wp\/v2\/pages\/62\/revisions"}],"predecessor-version":[{"id":63,"href":"https:\/\/cesar.resinfo.org\/wordpress\/index.php\/wp-json\/wp\/v2\/pages\/62\/revisions\/63"}],"wp:attachment":[{"href":"https:\/\/cesar.resinfo.org\/wordpress\/index.php\/wp-json\/wp\/v2\/media?parent=62"}],"curies":[{"name":"wp","href":"https:\/\/api.w.org\/{rel}","templated":true}]}}