{"id":60,"date":"2025-06-11T13:50:14","date_gmt":"2025-06-11T13:50:14","guid":{"rendered":"https:\/\/cesar.resinfo.org\/wordpress\/?page_id=60"},"modified":"2025-06-11T13:50:14","modified_gmt":"2025-06-11T13:50:14","slug":"vvt-2019","status":"publish","type":"page","link":"https:\/\/cesar.resinfo.org\/wordpress\/index.php\/vvt-2019\/","title":{"rendered":"VVT 2019"},"content":{"rendered":"\n<p>La journ\u00e9e VVT, pour sa douzi\u00e8me \u00e9dition, s\u2019est tenue le Vendredi 05 juillet 2019 de 9h \u00e0 17h30. Elle a eu lieu \u00e0 la Ciotat dans l\u2019amphith\u00e9atre de l\u2019IUT HSE.<\/p>\n\n\n\n<h2 class=\"wp-block-heading\">Le Programme&nbsp;:<\/h2>\n\n\n\n<figure class=\"wp-block-table\"><table class=\"has-fixed-layout\"><thead><tr><th>Horaire<\/th><th>Orateur<\/th><th>Titre<\/th><th>Supports de pr\u00e9sentation<\/th><\/tr><\/thead><tbody><tr><td>9h00 &#8211; 9h30<\/td><td><\/td><td>Accueil<\/td><td><\/td><\/tr><tr><td>9h30 &#8211; 9h40<\/td><td><\/td><td>Introduction de la journ\u00e9e, actualit\u00e9s du r\u00e9seau CESAR<\/td><td><\/td><\/tr><tr><td>9h40 &#8211; 10h00<\/td><td>Vincent Bayle<\/td><td>CESAR, RESINFO et les autres<\/td><td><\/td><\/tr><tr><td>10h00 &#8211; 10h40<\/td><td>Arnaud F\u00e9vrier<\/td><td>Vers l\u2019IoT et au-del\u00e0&nbsp;!<\/td><td><\/td><\/tr><tr><td>10h40 &#8211; 11h00<\/td><td>S\u00e9bastien Beaudlot<\/td><td>Quarantaine et rem\u00e9diation<\/td><td><\/td><\/tr><tr><td>11h00 &#8211; 11h20<\/td><td><\/td><td>Pause<\/td><td><\/td><\/tr><tr><td>11h20 &#8211; 11h40<\/td><td>Capella Media<\/td><td>Pr\u00e9sentation Partenaire<\/td><td><\/td><\/tr><tr><td>11h40 &#8211; 12h20<\/td><td>Mathieu Molineris, Yves Azamberti<\/td><td>Datacenter AMU &#8211; Offre de services<\/td><td><\/td><\/tr><tr><td>12h20 &#8211; 14h20<\/td><td><\/td><td>Repas<\/td><td><\/td><\/tr><tr><td>14h20 &#8211; 14h40<\/td><td>Maurice Libes, Didier Mallarino<\/td><td>Le portail de donn\u00e9es environnementales de l\u2019OSU<\/td><td><\/td><\/tr><tr><td>14h40 &#8211; 15h00<\/td><td>Evolix<\/td><td>Stockage distribu\u00e9 avec CEPH<\/td><td><\/td><\/tr><tr><td>15h00 &#8211; 15h20<\/td><td>Yvan Chauvy, Fr\u00e9d\u00e9ric Bloise<\/td><td>Extensions pour g\u00e9rer facilement les images double-boot et les post-install scripts sous FOG<\/td><td><\/td><\/tr><tr><td>15h20 &#8211; 15h40<\/td><td>Nicolas Husson<\/td><td>Inventaire par QR-Code avec GLPI<\/td><td>&#8230;<\/td><\/tr><tr><td>15h40 &#8211; 16h00<\/td><td><\/td><td>Pause<\/td><td><\/td><\/tr><tr><td>16h00 &#8211; 16h20<\/td><td>Denis Patrat<\/td><td>Un Raspberry pour piloter des capteurs de temp\u00e9rature<\/td><td><\/td><\/tr><tr><td>16h20&nbsp;&#8211;&nbsp;17h00<\/td><td>Geoffroy Desvernais<\/td><td>DMARC ma tuer<\/td><td><a href=\"http:\/\/dgeo.perso.centrale-marseille.fr\/vvt2018-DMARC\/\">en ligne<\/a><\/td><\/tr><tr><td>17h00 &#8211; &#8230;<\/td><td><\/td><td>Cl\u00f4ture + la suite<\/td><td><\/td><\/tr><\/tbody><\/table><\/figure>\n\n\n\n<p>S\u2019il vous semble qu\u2019un autre sujet peut \u00eatre int\u00e9ressant pour la communaut\u00e9 et que vous \u00eates dispos\u00e9s \u00e0 prendre un peu de temps pour partager vos r\u00e9flexions, travaux&#8230; n\u2019h\u00e9sitez pas \u00e0 nous en faire part. Tous les sujets (li\u00e9s \u00e0 l\u2019informatique) sont accept\u00e9s&nbsp;: Qu\u2019il s\u2019agisse de stockage distribu\u00e9 objet, gestion de logs, sauvegarde et d\u00e9duplication, d\u00e9ploiement de postes de travail, s\u00e9curit\u00e9, ou tout autre sujet d\u2019actualit\u00e9.<\/p>\n\n\n\n<p>Une seule adresse pour envoyer vos propositions&nbsp;: <a href=\"mailto:copil-cesar@listes.resinfo.org\">copil-cesar@listes.resinfo.org<\/a><\/p>\n\n\n\n<p>Merci d\u2019avance<\/p>\n\n\n\n<h2 class=\"wp-block-heading\">Comment venir&nbsp;:<\/h2>\n\n\n\n<p>Le lieu&nbsp;:<\/p>\n\n\n\n<p>IUT d\u2019Aix-Marseille, Site de la Ciotat<br>Avenue Maurice Sandral &#8211; BP 156<br>13600 La Ciotat<\/p>\n\n\n\n<p>Un parking est \u00e0 disposition sur la droite du b\u00e2timent et sera ouvert pour les participants.<\/p>\n\n\n\n<p>Bien qu\u2019il permette d\u2019accueillir quasiment tout le monde, \u00e7a serait un beau geste pour l\u2019environnement que de co-voiturer un peu. Pour cela, vous avez \u00e0 votre disposition la fiche suivante&nbsp;:<br><a href=\"https:\/\/lite.framacalc.org\/vvt2019covoiturage\">https:\/\/lite.framacalc.org\/vvt2019covoiturage<\/a><\/p>\n\n\n\n<p>Ceux qui sont pr\u00eats \u00e0 prendre du monde avec eux rajoutent une ligne avec les infos sur leurs trajets, et ceux qui sont pr\u00eats \u00e0 laisser leur propre v\u00e9hicule pour partager le trajet avec un coll\u00e8gue s\u2019inscrivent dans les colonnes num\u00e9rot\u00e9es correspondantes.<\/p>\n\n\n\n<h2 class=\"wp-block-heading\">Les inscriptions&nbsp;:<\/h2>\n\n\n\n<p>Comme les ann\u00e9es pr\u00e9c\u00e9dentes, l\u2019inscription \u00e0 la journ\u00e9e est obligatoire, pour des questions de logistique, mais gratuite.<br>Pour vous inscrire \u00e0 la journ\u00e9e, il vous suffit de cliquer sur le lien suivant d\u2019abonnement \u00e0 la liste de diffusion associ\u00e9e&nbsp;:<\/p>\n\n\n\n<p><a href=\"mailto:sympa@listes.resinfo.org?subject=subscribe%20cesar-vvt-2019-inscriptions\">cesar-vvt-2019-inscriptions@listes.resinfo.org<\/a><\/p>\n\n\n\n<p>Au plaisir de vous y retrouver nombreux&nbsp;!!!<\/p>\n\n\n\n<p>Le CMT<\/p>\n","protected":false},"excerpt":{"rendered":"<p>La journ\u00e9e VVT, pour sa douzi\u00e8me \u00e9dition, s\u2019est tenue le Vendredi 05 juillet 2019 de 9h \u00e0 17h30. Elle a eu lieu \u00e0 la Ciotat dans l\u2019amphith\u00e9atre de l\u2019IUT HSE. Le Programme&nbsp;: Horaire Orateur Titre Supports de pr\u00e9sentation 9h00 &#8211; 9h30 Accueil 9h30 &#8211; 9h40 Introduction de la journ\u00e9e, actualit\u00e9s du r\u00e9seau CESAR 9h40 &#8211; [&hellip;]<\/p>\n","protected":false},"author":1,"featured_media":0,"parent":0,"menu_order":0,"comment_status":"closed","ping_status":"closed","template":"","meta":{"footnotes":""},"class_list":["post-60","page","type-page","status-publish","hentry","entry"],"_links":{"self":[{"href":"https:\/\/cesar.resinfo.org\/wordpress\/index.php\/wp-json\/wp\/v2\/pages\/60","targetHints":{"allow":["GET"]}}],"collection":[{"href":"https:\/\/cesar.resinfo.org\/wordpress\/index.php\/wp-json\/wp\/v2\/pages"}],"about":[{"href":"https:\/\/cesar.resinfo.org\/wordpress\/index.php\/wp-json\/wp\/v2\/types\/page"}],"author":[{"embeddable":true,"href":"https:\/\/cesar.resinfo.org\/wordpress\/index.php\/wp-json\/wp\/v2\/users\/1"}],"replies":[{"embeddable":true,"href":"https:\/\/cesar.resinfo.org\/wordpress\/index.php\/wp-json\/wp\/v2\/comments?post=60"}],"version-history":[{"count":1,"href":"https:\/\/cesar.resinfo.org\/wordpress\/index.php\/wp-json\/wp\/v2\/pages\/60\/revisions"}],"predecessor-version":[{"id":61,"href":"https:\/\/cesar.resinfo.org\/wordpress\/index.php\/wp-json\/wp\/v2\/pages\/60\/revisions\/61"}],"wp:attachment":[{"href":"https:\/\/cesar.resinfo.org\/wordpress\/index.php\/wp-json\/wp\/v2\/media?parent=60"}],"curies":[{"name":"wp","href":"https:\/\/api.w.org\/{rel}","templated":true}]}}