{"id":58,"date":"2025-06-11T13:49:40","date_gmt":"2025-06-11T13:49:40","guid":{"rendered":"https:\/\/cesar.resinfo.org\/wordpress\/?page_id=58"},"modified":"2025-06-11T13:49:40","modified_gmt":"2025-06-11T13:49:40","slug":"vvt-2022","status":"publish","type":"page","link":"https:\/\/cesar.resinfo.org\/wordpress\/index.php\/vvt-2022\/","title":{"rendered":"VVT 2022"},"content":{"rendered":"\n<p>Les VVTs \u00e9ditions 2022 auront lieu \u00e0 la MMSH, \u00e0 Aix.<\/p>\n\n\n\n<h2 class=\"wp-block-heading\">Inscriptions<\/h2>\n\n\n\n<p>Il est toujours possible de vous inscrire, via l\u2019inscription \u00e0 la liste de diffusion suivante&nbsp;:<br><a href=\"mailto:sympa@listes.resinfo.org?subject=subscribe cesar-vvt-2022-inscriptions\">cesar-vvt-2022-inscriptions@listes.resinfo.org<\/a><\/p>\n\n\n\n<h2 class=\"wp-block-heading\">Le Programme&nbsp;:<\/h2>\n\n\n\n<figure class=\"wp-block-table\"><table class=\"has-fixed-layout\"><thead><tr><th>Horaire<\/th><th>Orateur<\/th><th>Titre<\/th><th><\/th><\/tr><\/thead><tbody><tr><td>9h00 &#8211; 9h30<\/td><td><\/td><td>Accueil<\/td><td><\/td><\/tr><tr><td>9h30 &#8211; 9h40<\/td><td><\/td><td>Introduction de la journ\u00e9e<\/td><td><\/td><\/tr><tr><td>9h40 &#8211; 10h20<\/td><td>Serge Portella<\/td><td>Nouvelles \u00e9volutions de la DOSI AMU<\/td><td><\/td><\/tr><tr><td>10h20 &#8211; 10h40<\/td><td>Mathieu Molin\u00e9ris<\/td><td>Evolutions du datacenter SUD<\/td><td><\/td><\/tr><tr><td>10h40 &#8211; 11h30<\/td><td><\/td><td>Pause<\/td><td><\/td><\/tr><tr><td>11h30 &#8211; 11h50<\/td><td>Gilles Trossevin et Manu Lestrelin<\/td><td>petit IDS maison \u00e0 base de Suricata, Elasticsearch et Grafana<\/td><td><\/td><\/tr><tr><td>11h50 &#8211; 12h30<\/td><td>Evolix<\/td><td>Load-balancer tout avec HAProxy, cache-cash avec Varnish<\/td><td><\/td><\/tr><tr><td>12h30 &#8211; 14h00<\/td><td><\/td><td>Repas<\/td><td><\/td><\/tr><tr><td>14h00 &#8211; 14h40<\/td><td>Cyberwings<\/td><td>Hacktualit\u00e9s<\/td><td><em>Non disponible<\/em><\/td><\/tr><tr><td>14h40 &#8211; 15h00<\/td><td>Maurice Libes<\/td><td>Utilisation du protocole SOS et de istSOS dans la gestion de donn\u00e9es M\u00e9t\u00e9o de l\u2019OSU Pytheas<\/td><td><\/td><\/tr><tr><td>15h00 &#8211; 15h30<\/td><td><\/td><td>Pause<\/td><td><\/td><\/tr><tr><td>15h30 &#8211; 15h50<\/td><td>Alrick Dias<\/td><td>Syst\u00e8me Informatique de Gestion des Demandes<\/td><td><\/td><\/tr><tr><td>15h50 &#8211; 16h30<\/td><td>Arnaud F\u00e9vrier<\/td><td>Projet Pin\u00e8de (Plateforme IoT pour les Nomades, Exploitable \u00e0 Distance pour l\u2019\u00c9ducation)<\/td><td><\/td><\/tr><tr><td>16h30 &#8211; &#8230;<\/td><td><\/td><td>Cl\u00f4ture + la suite<\/td><td><\/td><\/tr><\/tbody><\/table><\/figure>\n\n\n\n<h2 class=\"wp-block-heading\">Comment venir \u00e0 la MMSH&nbsp;?<\/h2>\n\n\n\n<p>La MMSH est situ\u00e9e au 5 rue du ch\u00e2teau de l\u2019horloge, \u00e0 Aix en provence (dans le quartier de Jas de Bouffan). Pour venir, plusieurs possibilit\u00e9s&nbsp;:<\/p>\n\n\n\n<ul class=\"wp-block-list\">\n<li>En transports en commun\u00a0: si vous venez de Marseille, vous pouvez prendre le 50 \u00e0 la gare routi\u00e8re, et ensuite l\u2019Aixpress en direction de Saint Mitre, arr\u00eat Thermidor (apr\u00e8s l\u2019arr\u00eat Deffens). Si vous disposez d\u2019un titre de transport pour toute la m\u00e9tropole, il vous suffira de valider. Sinon, il vous faudra 1 ticket dans Marseille, un ticket aller-retour Aix-Marseille &#8211; 10\u20ac\u00a0-, et un ticket de bus dans Aix. Tr\u00e8s peu d\u2019attentepour les navettes il y a un d\u00e9part toutes les 5 minutes.<\/li>\n\n\n\n<li>Par covoiturage\u00a0: en vous inscrivant et en contactant les autres co-voitureurs, sur ce framapad\u00a0: <a href=\"https:\/\/lite.framacalc.org\/covoiturage-VVT-2022\">https:\/\/lite.framacalc.org\/covoiturage-VVT-2022<\/a><\/li>\n\n\n\n<li>Le stationnement autour de la MMSH est facile, pour les deux roues et les v\u00e9los, vous pouvez stationner \u00e0 l\u2019int\u00e9rieur.<\/li>\n<\/ul>\n\n\n\n<h2 class=\"wp-block-heading\">Le message d\u2019annonce<\/h2>\n\n\n\n<p>Bonjour \u00e0 toutes et tous,<\/p>\n\n\n\n<p>L\u2019\u00e9dition 2022 des VVTs aura lieu le 8 Juillet, et pour la premi\u00e8re fois, tr\u00e8s au Nord, \u00e0 Aix-en-Provence, sur le site de la MMSH.<\/p>\n\n\n\n<p>Apr\u00e8s 2 ann\u00e9es de frustration, nous avons d\u00e9cid\u00e9 de relancer l\u2019\u00e9v\u00e9nement phare du r\u00e9seau. Bien s\u00fbr, nous serons pr\u00e9sents aux JRES mais la convivialit\u00e9 suppl\u00e9mentaire et la proximit\u00e9 des acteurs nous ont sembl\u00e9 \u00eatre des raisons suffisantes pour nous retrouver de nouveau.<\/p>\n\n\n\n<p>Comme toujours, nous avons besoin de vos contributions, pour le contenu. Si vous avez profit\u00e9 de ces deux derni\u00e8res ann\u00e9es pour mettre en place une solution technique innovante, explorer un nouveau domaine, ou faire un retour sur une solution d\u00e9ploy\u00e9e r\u00e9cemment, votre pr\u00e9sentation sera la bienvenue. Vous pouvez nous soumettre vos propositions en nous contactant personnellement ou par l\u2019adresse g\u00e9n\u00e9rique &#8220;<a href=\"mailto:copil-cesar@resinfo.org\">copil-cesar@resinfo.org<\/a>&#8220;. Pour le format des pr\u00e9sentations, il y aura des cr\u00e9neaux de 20 ou 40 minutes, nous adapterons le programme au contenu.<\/p>\n\n\n\n<p>Finalement, le point important&nbsp;: comment s\u2019inscrire&nbsp;? Il y aura 50 places, et comme pour les \u00e9ditions pr\u00e9c\u00e9dentes, l\u2019inscription se fera par l\u2019interm\u00e9diaire de la liste suivante&nbsp;:<br><a href=\"mailto:sympa@listes.resinfo.org?subject=subscribe cesar-vvt-2022-inscriptions\">cesar-vvt-2022-inscriptions@listes.resinfo.org<\/a><\/p>\n\n\n\n<p>En esp\u00e9rant vous retrouver nombreux<\/p>\n\n\n\n<p>Le comit\u00e9 de pilotage du r\u00e9seau CESAR<\/p>\n","protected":false},"excerpt":{"rendered":"<p>Les VVTs \u00e9ditions 2022 auront lieu \u00e0 la MMSH, \u00e0 Aix. Inscriptions Il est toujours possible de vous inscrire, via l\u2019inscription \u00e0 la liste de diffusion suivante&nbsp;:cesar-vvt-2022-inscriptions@listes.resinfo.org Le Programme&nbsp;: Horaire Orateur Titre 9h00 &#8211; 9h30 Accueil 9h30 &#8211; 9h40 Introduction de la journ\u00e9e 9h40 &#8211; 10h20 Serge Portella Nouvelles \u00e9volutions de la DOSI AMU 10h20 [&hellip;]<\/p>\n","protected":false},"author":1,"featured_media":0,"parent":0,"menu_order":0,"comment_status":"closed","ping_status":"closed","template":"","meta":{"footnotes":""},"class_list":["post-58","page","type-page","status-publish","hentry","entry"],"_links":{"self":[{"href":"https:\/\/cesar.resinfo.org\/wordpress\/index.php\/wp-json\/wp\/v2\/pages\/58","targetHints":{"allow":["GET"]}}],"collection":[{"href":"https:\/\/cesar.resinfo.org\/wordpress\/index.php\/wp-json\/wp\/v2\/pages"}],"about":[{"href":"https:\/\/cesar.resinfo.org\/wordpress\/index.php\/wp-json\/wp\/v2\/types\/page"}],"author":[{"embeddable":true,"href":"https:\/\/cesar.resinfo.org\/wordpress\/index.php\/wp-json\/wp\/v2\/users\/1"}],"replies":[{"embeddable":true,"href":"https:\/\/cesar.resinfo.org\/wordpress\/index.php\/wp-json\/wp\/v2\/comments?post=58"}],"version-history":[{"count":1,"href":"https:\/\/cesar.resinfo.org\/wordpress\/index.php\/wp-json\/wp\/v2\/pages\/58\/revisions"}],"predecessor-version":[{"id":59,"href":"https:\/\/cesar.resinfo.org\/wordpress\/index.php\/wp-json\/wp\/v2\/pages\/58\/revisions\/59"}],"wp:attachment":[{"href":"https:\/\/cesar.resinfo.org\/wordpress\/index.php\/wp-json\/wp\/v2\/media?parent=58"}],"curies":[{"name":"wp","href":"https:\/\/api.w.org\/{rel}","templated":true}]}}