{"id":22,"date":"2025-05-19T14:35:24","date_gmt":"2025-05-19T14:35:24","guid":{"rendered":"https:\/\/cesar.resinfo.org\/wordpress\/?page_id=22"},"modified":"2025-06-11T13:49:02","modified_gmt":"2025-06-11T13:49:02","slug":"vvt-2023","status":"publish","type":"page","link":"https:\/\/cesar.resinfo.org\/wordpress\/index.php\/vvt-2023\/","title":{"rendered":"VVT 2023"},"content":{"rendered":"\n<p>La journ\u00e9e VVT, pour sa quatorzi\u00e8me \u00e9dition, se d\u00e9roule le Vendredi 07 juillet 2023 de 9h \u00e0 16h30. Elle a lieu sur le Campus de Marseille Saint Charles dans l\u2019amphith\u00e9atre Massiani.<\/p>\n\n\n\n<h2 class=\"wp-block-heading\">Le Programme&nbsp;:<\/h2>\n\n\n\n<figure class=\"wp-block-table\"><table class=\"has-fixed-layout\"><thead><tr><th>Horaire<\/th><th>Orateur<\/th><th>Titre<\/th><th>Supports de pr\u00e9sentation<\/th><\/tr><\/thead><tbody><tr><td>09h00<br>&#8211;<br>09h30<\/td><td><\/td><td>Accueil<\/td><td><\/td><\/tr><tr><td>09h30<br>&#8211;<br>09h40<\/td><td><\/td><td>Introduction de la journ\u00e9e, actualit\u00e9s du r\u00e9seau CESAR<\/td><td><\/td><\/tr><tr><td>09h40<br>&#8211;<br>10h00<\/td><td>Charles Raynaud,<br>Philippe Cazabonne<\/td><td>Les salles informatiques accessibles depuis chez soi en s\u00e9curit\u00e9<\/td><td><\/td><\/tr><tr><td>10h00<br>&#8211;<br>10h20<\/td><td>Maxime Charpenne,<br>Matthieu Juaneda<\/td><td>RARE, le r\u00e9seau m\u00e9tropolitain \u00e0 Avignon<\/td><td><\/td><\/tr><tr><td>10h20<br>&#8211;<br>10h40<\/td><td>Xavier Rouanet,<br>Olivier Nelli<\/td><td>RAIMU 4<\/td><td><\/td><\/tr><tr><td>10h40<br>&#8211;<br>11h10<\/td><td><\/td><td>Pause<\/td><td><\/td><\/tr><tr><td>11h10<br>&#8211;<br>11h30<\/td><td>HPE&nbsp;: Gilles Busuttil,<br>Yann Dorval<\/td><td>Pr\u00e9sentation Partenaire&nbsp;: S\u00e9curisation des r\u00e9seaux \u00e0 l\u2019aide du Zero Trust d\u2019Aruba<\/td><td><\/td><\/tr><tr><td>11h30<br>&#8211;<br>12h10<\/td><td>Arnaud F\u00e9vrier<\/td><td>Bluetooth, Bluetooth Low Energy et LORA<\/td><td><\/td><\/tr><tr><td>12h10<br>&#8211;<br>13h40<\/td><td><\/td><td>Repas<\/td><td><\/td><\/tr><tr><td>13h40<br>&#8211;<br>14h20<\/td><td>Patrice Langlois,<br>Guillaume Ribiere<\/td><td>La s\u00e9curit\u00e9 dans un environnement Active Directory tu am\u00e9lioreras.<\/td><td><\/td><\/tr><tr><td>14h20<br>&#8211;<br>15h00<\/td><td>Dominique Lalot<\/td><td>NextCloud \u00e0 AMU<\/td><td><\/td><\/tr><tr><td>15h00<br>&#8211;<br>15h30<\/td><td><\/td><td>Pause<\/td><td><\/td><\/tr><tr><td>15h30<br>&#8211;<br>15h50<\/td><td>Jean-Philippe Floret,<br>Julien Valiente<\/td><td>Retour d\u2019exp\u00e9rience sur la gestion d\u2019une cyberattaque<\/td><td>(la partie 2 restera dans les m\u00e9moires uniquement)<\/td><\/tr><tr><td>15h50<br>&#8211;<br>16h30<\/td><td><\/td><td>Discussion<\/td><td>&#8211;<\/td><\/tr><\/tbody><\/table><\/figure>\n\n\n\n<h2 class=\"wp-block-heading\">Comment venir&nbsp;:<\/h2>\n\n\n\n<p>Le lieu&nbsp;:<br>Aix-Marseille, Campus Saint Charles<br>3 Place victor Hugo<br>13003 Marseille<br>Acc\u00e8s <a href=\"https:\/\/sciences.univ-amu.fr\/fr\/sites-campus\/marseille-site-saint-charles\">https:\/\/sciences.univ-amu.fr\/fr\/sites-campus\/marseille-site-saint-charles<\/a>, recopi\u00e9 ci-dessous avec les \u00e9l\u00e9ments sp\u00e9cifiques pour les VVTs mis en valeur&nbsp;:<\/p>\n\n\n\n<p>Pensez \u00e0 faire une demande si venez en voiture pour l\u2019acc\u00e8s au campus.<\/p>\n\n\n\n<p>Bien qu\u2019il permette d\u2019accueillir quasiment tout le monde, \u00e7a serait un beau geste pour l\u2019environnement que de co-voiturer un peu. Pour cela, vous avez \u00e0 votre disposition la fiche suivante&nbsp;:<br><a href=\"https:\/\/lite.framacalc.org\/vvt2023covoiturage\">https:\/\/lite.framacalc.org\/vvt2023covoiturage<\/a><\/p>\n\n\n\n<p>Ceux qui sont pr\u00eats \u00e0 prendre du monde avec eux rajoutent une ligne avec les infos sur leurs trajets, et ceux qui sont pr\u00eats \u00e0 laisser leur propre v\u00e9hicule pour partager le trajet avec un coll\u00e8gue s\u2019inscrivent dans les colonnes num\u00e9rot\u00e9es correspondantes.<\/p>\n\n\n\n<h2 class=\"wp-block-heading\">Les inscriptions&nbsp;:<\/h2>\n\n\n\n<p>Elles se font via le site indico de Mathrice&nbsp;: <a href=\"https:\/\/indico.mathrice.fr\/event\/405\/\">https:\/\/indico.mathrice.fr\/event\/405\/<\/a><\/p>\n\n\n\n<p>Au plaisir de vous y retrouver nombreux&nbsp;!!!<\/p>\n\n\n\n<p>Le CMT<\/p>\n","protected":false},"excerpt":{"rendered":"<p>La journ\u00e9e VVT, pour sa quatorzi\u00e8me \u00e9dition, se d\u00e9roule le Vendredi 07 juillet 2023 de 9h \u00e0 16h30. Elle a lieu sur le Campus de Marseille Saint Charles dans l\u2019amphith\u00e9atre Massiani. Le Programme&nbsp;: Horaire Orateur Titre Supports de pr\u00e9sentation 09h00&#8211;09h30 Accueil 09h30&#8211;09h40 Introduction de la journ\u00e9e, actualit\u00e9s du r\u00e9seau CESAR 09h40&#8211;10h00 Charles Raynaud,Philippe Cazabonne Les [&hellip;]<\/p>\n","protected":false},"author":2,"featured_media":0,"parent":0,"menu_order":0,"comment_status":"closed","ping_status":"closed","template":"","meta":{"footnotes":""},"class_list":["post-22","page","type-page","status-publish","hentry","entry"],"_links":{"self":[{"href":"https:\/\/cesar.resinfo.org\/wordpress\/index.php\/wp-json\/wp\/v2\/pages\/22","targetHints":{"allow":["GET"]}}],"collection":[{"href":"https:\/\/cesar.resinfo.org\/wordpress\/index.php\/wp-json\/wp\/v2\/pages"}],"about":[{"href":"https:\/\/cesar.resinfo.org\/wordpress\/index.php\/wp-json\/wp\/v2\/types\/page"}],"author":[{"embeddable":true,"href":"https:\/\/cesar.resinfo.org\/wordpress\/index.php\/wp-json\/wp\/v2\/users\/2"}],"replies":[{"embeddable":true,"href":"https:\/\/cesar.resinfo.org\/wordpress\/index.php\/wp-json\/wp\/v2\/comments?post=22"}],"version-history":[{"count":2,"href":"https:\/\/cesar.resinfo.org\/wordpress\/index.php\/wp-json\/wp\/v2\/pages\/22\/revisions"}],"predecessor-version":[{"id":57,"href":"https:\/\/cesar.resinfo.org\/wordpress\/index.php\/wp-json\/wp\/v2\/pages\/22\/revisions\/57"}],"wp:attachment":[{"href":"https:\/\/cesar.resinfo.org\/wordpress\/index.php\/wp-json\/wp\/v2\/media?parent=22"}],"curies":[{"name":"wp","href":"https:\/\/api.w.org\/{rel}","templated":true}]}}