{"id":20,"date":"2025-05-19T14:35:03","date_gmt":"2025-05-19T14:35:03","guid":{"rendered":"https:\/\/cesar.resinfo.org\/wordpress\/?page_id=20"},"modified":"2025-06-11T13:48:36","modified_gmt":"2025-06-11T13:48:36","slug":"vvt-2024","status":"publish","type":"page","link":"https:\/\/cesar.resinfo.org\/wordpress\/index.php\/vvt-2024\/","title":{"rendered":"VVT 2024"},"content":{"rendered":"\n<p>La journ\u00e9e des VVT, pour sa quinzi\u00e8me \u00e9dition, se d\u00e9roulera le Vendredi 05 juillet 2024 \u00e0 l\u2019IUT de La Ciotat<\/p>\n\n\n\n<p>Si vous souhaitez pr\u00e9senter une solution technique, faire un retour sur une solution d\u00e9ploy\u00e9e dans votre structure, ouvrir un d\u00e9bat sur un sujet qui vous tient \u00e0 c\u0153ur, vous entra\u00eener avant le grand bain des JRES 2024 devant un public bienveillant, n\u2019h\u00e9sitez plus, envoyez-nous votre proposition par retour de mail \u00e0 &#8220;copil-cesar [at] listes.resinfo.org&#8221;.<\/p>\n\n\n\n<p>Comme d\u2019habitude, plusieurs formats sont possibles, avec des cr\u00e9neaux de 20 ou 40 minutes. En fonction, on adaptera ensemble pour int\u00e9grer le tout au mieux dans le programme.<\/p>\n\n\n\n<h2 class=\"wp-block-heading\">Le Programme (provisoire)&nbsp;:<\/h2>\n\n\n\n<figure class=\"wp-block-table\"><table class=\"has-fixed-layout\"><thead><tr><th>Horaire<\/th><th>Orateur<\/th><th>Titre<\/th><th>Supports de pr\u00e9sentation<\/th><\/tr><\/thead><tbody><tr><td>09h00<br>&#8211;<br>09h30<\/td><td><\/td><td>Accueil<\/td><td>&#8211;<\/td><\/tr><tr><td>09h30<br>&#8211;<br>09h40<\/td><td><\/td><td>Introduction de la journ\u00e9e<\/td><td><\/td><\/tr><tr><td>09h40<br>&#8211;<br>10h20<\/td><td>Arnaud F\u00e9vrier<\/td><td>Impact et apports des r\u00e9seaux t\u00e9l\u00e9coms pour le d\u00e9veloppement durable<\/td><td><\/td><\/tr><tr><td>10h20<br>&#8211;<br>10h40<\/td><td>Novenci&nbsp;: Jean-Luc Dumartin, Serge Boulendi<\/td><td>Int\u00e9gration Capella Media dans le groupe Novenci<\/td><td><\/td><\/tr><tr><td>10h40<br>&#8211;<br>11h10<\/td><td><\/td><td>Pause<\/td><td>&#8211;<\/td><\/tr><tr><td>11h10<br>&#8211;<br>11h30<\/td><td>Rayan Sabqi, Pascal Mouret<\/td><td>Netbox&nbsp;: un outil de mod\u00e9lisation des r\u00e9seaux<\/td><td><\/td><\/tr><tr><td>11h30<br>&#8211;<br>11h50<\/td><td>Evolix&nbsp;: Gregory Colpart, Jeremy Lecour,<\/td><td>Gestion SI avec LDAP<\/td><td><\/td><\/tr><tr><td>11h50<br>&#8211;<br>12h10<\/td><td>Philippe Cazabonne<\/td><td>Et si une solution MFA sans d\u00e9pendance au t\u00e9l\u00e9phone \u00e9tait envisageable&nbsp;?<\/td><td><\/td><\/tr><tr><td>12h10<br>&#8211;<br>12h30<\/td><td>Copil CESAR<\/td><td>Actualit\u00e9s et Pr\u00e9sentation de la Charte CESAR<\/td><td><\/td><\/tr><tr><td>12h30<br>&#8211;<br>14h30<\/td><td><\/td><td>Repas<\/td><td>&#8211;<\/td><\/tr><tr><td>14h30<br>&#8211;<br>14h50<\/td><td>Nicolas Guiard<\/td><td>Aventures au pays du spam et du phishing<\/td><td><\/td><\/tr><tr><td>14h50<br>&#8211;<br>15h10<\/td><td>Geoffroy Desvernay<\/td><td>QuasIPv6-only<\/td><td><\/td><\/tr><tr><td>15h10<br>&#8211;<br>15h30<\/td><td>Reel IT&nbsp;: Fr\u00e9d\u00e9ric BONTE, Viken HAZROYAN, Lucas MASSOL<\/td><td>Groupe REEL iT, votre partenaire hyper-sp\u00e9cialiste du digital<\/td><td><\/td><\/tr><tr><td>15h30<br>&#8211;<br>16h00<\/td><td><\/td><td>Pause<\/td><td>&#8211;<\/td><\/tr><tr><td>16h00<br>&#8211;<br>16h20<\/td><td>Christophe Juilllard<\/td><td>ANNUL\u00c9<br>Authentification 802.1x par login\\mot de passe AD<\/td><td><\/td><\/tr><tr><td>16h20<br>&#8211;<br>16h40<\/td><td><\/td><td>Table ronde&nbsp;: Du logiciel libre au logiciel Open core, mais o\u00f9 va le monde&nbsp;???<\/td><td>&#8211;<\/td><\/tr><tr><td>16h40-&#8230;<\/td><td>CESAR<\/td><td>plouf plouf<\/td><td>&#8211;<\/td><\/tr><\/tbody><\/table><\/figure>\n\n\n\n<h2 class=\"wp-block-heading\">Comment venir&nbsp;:<\/h2>\n\n\n\n<p>IUT d\u2019Aix-Marseille, Site de la Ciotat<br>Avenue Maurice Sandral &#8211; BP 156<br>13600 La Ciotat<\/p>\n\n\n\n<p>Le nombre de places sur le parking de l\u2019IUT sont limit\u00e9es, le covoiturage est fortement recommand\u00e9&nbsp;!<br>Afin de vous organiser nous avons mis en place un framacalc&nbsp;: <a href=\"https:\/\/lite.framacalc.org\/3sn0mpn7g3-a4dm\">https:\/\/lite.framacalc.org\/3sn0mpn7g3-a4dm<\/a><\/p>\n\n\n\n<h2 class=\"wp-block-heading\">Les inscriptions&nbsp;:<\/h2>\n\n\n\n<p>Pour ceux qui souhaitent assister \u00e0 la journ\u00e9e, et afin de pouvoir l\u2019organiser au mieux, nous vous invitons d\u00e8s \u00e0 pr\u00e9sent \u00e0 vous inscrire en allant sur le site&nbsp;:<br><a href=\"https:\/\/indico.mathrice.fr\/event\/573\/\">https:\/\/indico.mathrice.fr\/event\/573\/<\/a><br>N\u2019attendez pas, le nombre de places est limit\u00e9 (50).<\/p>\n\n\n\n<p>Les inscriptions sont maintenant cl\u00f4tur\u00e9es.<\/p>\n","protected":false},"excerpt":{"rendered":"<p>La journ\u00e9e des VVT, pour sa quinzi\u00e8me \u00e9dition, se d\u00e9roulera le Vendredi 05 juillet 2024 \u00e0 l\u2019IUT de La Ciotat Si vous souhaitez pr\u00e9senter une solution technique, faire un retour sur une solution d\u00e9ploy\u00e9e dans votre structure, ouvrir un d\u00e9bat sur un sujet qui vous tient \u00e0 c\u0153ur, vous entra\u00eener avant le grand bain des [&hellip;]<\/p>\n","protected":false},"author":2,"featured_media":0,"parent":0,"menu_order":0,"comment_status":"closed","ping_status":"closed","template":"","meta":{"footnotes":""},"class_list":["post-20","page","type-page","status-publish","hentry","entry"],"_links":{"self":[{"href":"https:\/\/cesar.resinfo.org\/wordpress\/index.php\/wp-json\/wp\/v2\/pages\/20","targetHints":{"allow":["GET"]}}],"collection":[{"href":"https:\/\/cesar.resinfo.org\/wordpress\/index.php\/wp-json\/wp\/v2\/pages"}],"about":[{"href":"https:\/\/cesar.resinfo.org\/wordpress\/index.php\/wp-json\/wp\/v2\/types\/page"}],"author":[{"embeddable":true,"href":"https:\/\/cesar.resinfo.org\/wordpress\/index.php\/wp-json\/wp\/v2\/users\/2"}],"replies":[{"embeddable":true,"href":"https:\/\/cesar.resinfo.org\/wordpress\/index.php\/wp-json\/wp\/v2\/comments?post=20"}],"version-history":[{"count":3,"href":"https:\/\/cesar.resinfo.org\/wordpress\/index.php\/wp-json\/wp\/v2\/pages\/20\/revisions"}],"predecessor-version":[{"id":181,"href":"https:\/\/cesar.resinfo.org\/wordpress\/index.php\/wp-json\/wp\/v2\/pages\/20\/revisions\/181"}],"wp:attachment":[{"href":"https:\/\/cesar.resinfo.org\/wordpress\/index.php\/wp-json\/wp\/v2\/media?parent=20"}],"curies":[{"name":"wp","href":"https:\/\/api.w.org\/{rel}","templated":true}]}}