{"id":185,"date":"2025-12-10T07:14:25","date_gmt":"2025-12-10T07:14:25","guid":{"rendered":"https:\/\/cesar.resinfo.org\/wordpress\/?page_id=185"},"modified":"2026-01-06T08:11:05","modified_gmt":"2026-01-06T08:11:05","slug":"proxmox-2025","status":"publish","type":"page","link":"https:\/\/cesar.resinfo.org\/wordpress\/index.php\/proxmox-2025\/","title":{"rendered":"Proxmox 2025"},"content":{"rendered":"\n<figure class=\"wp-block-image size-large\"><img loading=\"lazy\" decoding=\"async\" width=\"1024\" height=\"215\" src=\"https:\/\/cesar.resinfo.org\/wordpress\/wp-content\/uploads\/2025\/12\/Capture-decran-2025-12-17-a-13.15.38-1024x215.png\" alt=\"\" class=\"wp-image-195\" srcset=\"https:\/\/cesar.resinfo.org\/wordpress\/wp-content\/uploads\/2025\/12\/Capture-decran-2025-12-17-a-13.15.38-1024x215.png 1024w, https:\/\/cesar.resinfo.org\/wordpress\/wp-content\/uploads\/2025\/12\/Capture-decran-2025-12-17-a-13.15.38-300x63.png 300w, https:\/\/cesar.resinfo.org\/wordpress\/wp-content\/uploads\/2025\/12\/Capture-decran-2025-12-17-a-13.15.38-768x161.png 768w, https:\/\/cesar.resinfo.org\/wordpress\/wp-content\/uploads\/2025\/12\/Capture-decran-2025-12-17-a-13.15.38-1536x322.png 1536w, https:\/\/cesar.resinfo.org\/wordpress\/wp-content\/uploads\/2025\/12\/Capture-decran-2025-12-17-a-13.15.38-2048x430.png 2048w\" sizes=\"auto, (max-width: 1024px) 100vw, 1024px\" \/><\/figure>\n\n\n\n<p><\/p>\n\n\n\n<p>Nous vous proposons une formation Proxmox d\u00e9butant du 23 au 25 Mars 2026. Cette formation a \u00e9t\u00e9 \u00e9labor\u00e9e par le <a href=\"https:\/\/resinfo.org\/les-groupes-de-travail-11\/groupe-de-travail-proxmox\/article\/le-groupe-de-travail-proxmox\">groupe de travail Proxmox<\/a> de <a href=\"https:\/\/resinfo.org\">Resinfo<\/a> en partenariat avec la formation permanente de la DR12 du CNRS et le r\u00e9seau CESAR.<\/p>\n\n\n\n<p>Le nombre de places de cette formation&nbsp;est limit\u00e9e \u00e0 20 personnes. L&#8217;inscription est soumise \u00e0 s\u00e9lection ; vous devez r\u00e9pondre au questionnaire d&#8217;inscription si vous souhaitez participer \u00e0 la formation.<\/p>\n\n\n\n<p>Pour vous inscrire :<\/p>\n\n\n\n<p><a href=\"https:\/\/intranet.cnrs.fr\/delegations\/dr12\/Pages\/default.aspx\">https:\/\/intranet.cnrs.fr\/delegations\/dr12\/Pages\/default.aspx<\/a><\/p>\n\n\n\n<p>(cliquer sur le lien &#8220;Proxmox VE d\u00e9butant&#8221;)<\/p>\n\n\n\n<p>Cl\u00f4ture des candidatures : <strong>le 26 Janvier 2026<\/strong>.<\/p>\n\n\n\n<p>Tout agent faisant une demande d&#8217;inscription se doit d&#8217;\u00eatre disponible sur toutes les dates de la formation et s&#8217;engage \u00e0 suivre la formation dans son int\u00e9gralit\u00e9 en cas d&#8217;inscription d\u00e9finitive.<\/p>\n\n\n\n<hr class=\"wp-block-separator has-alpha-channel-opacity\"\/>\n\n\n\n<p><strong>Pr\u00e9requis :<br><\/strong>\u2022 Commandes de bases sous Linux&nbsp;<br>\u2022 Notions r\u00e9seau IPV4<br>\u2022 Conna\u00eetre les bases de la virtualisation&nbsp;<br>\u2022 Notions de stockage&nbsp;<\/p>\n\n\n\n<hr class=\"wp-block-separator has-alpha-channel-opacity\"\/>\n\n\n\n<p><strong>Objectifs :<\/strong><br>\u2022 Installer \/ Administrer proxmox en standalone ou en cluster<br>\u2022 G\u00e9rer des machines virtuelles (KVM) et des conteneurs (LXC)<br>\u2022 Int\u00e9grer les syst\u00e8mes de stockage existants \u00e0 la solution Proxmox&nbsp;<br>\u2022 Migrer des VMs de VMware vers Proxmox&nbsp;<\/p>\n\n\n\n<p><\/p>\n\n\n\n<hr class=\"wp-block-separator has-alpha-channel-opacity\"\/>\n\n\n\n<p><strong>Programme d\u00e9taill\u00e9 :<br><\/strong>\u2022 Migration VM Debian 12 depuis un Vmware ESXi&nbsp;<br>\u2022 Prise en main d\u2019un hyperviseur physique distant<br>\u2022 Installation automatique des hyperviseur en nested&nbsp;<br>\u2022 Interconnexion des hyperviseur en cluster&nbsp;<br>\u2022 Cr\u00e9ation d\u2019un KVM \/ CT&nbsp;<br>\u2022 Prise en main Vmware et migration d\u2019une VM Linux&nbsp;<br>\u2022 Import de la VM Vmware dans Proxmox&nbsp;<br>\u2022 Ajout d\u2019un stockage iSCSI via ZFS over SCSI&nbsp;<br>\u2022 Mise en HA de la solution (zfs local et zfs iSCSI)<br>\u2022 Backup de la VM Linux sur stockage NFS&nbsp;<br>\u2022 Rapide tour de PBS&nbsp;<br>\u2022 Moment d\u2019\u00e9change sur les probl\u00e9matiques rencontr\u00e9es par les participants<\/p>\n\n\n\n<p><\/p>\n\n\n\n<hr class=\"wp-block-separator has-alpha-channel-opacity\"\/>\n\n\n\n<p>Cette formation se fera sur l&#8217;infrastructure Proxmox d\u00e9di\u00e9e du&nbsp; <a href=\"https:\/\/resinfo.org\/les-groupes-de-travail-11\/groupe-de-travail-proxmox\/article\/le-groupe-de-travail-proxmox\">groupe de travail Proxmox<\/a> de <a href=\"https:\/\/resinfo.org\">Resinfo<\/a>.<\/p>\n\n\n\n<p>Il vous sera demand\u00e9 de venir \u00e9quip\u00e9 de votre <strong>ordinateur portable \u00e9quip\u00e9 d&#8217;un port RJ45 et d&#8217;une carte wifi.<\/strong>&nbsp;<\/p>\n\n\n\n<hr class=\"wp-block-separator has-alpha-channel-opacity\"\/>\n\n\n\n<p><strong>Les formateurs ( membres du GT Proxmox ) seront J\u00e9r\u00f4me Colombet, Julien Lecubin, Laurent Bardi, Michel Le Cocq. &nbsp;<\/strong><\/p>\n","protected":false},"excerpt":{"rendered":"<p>Nous vous proposons une formation Proxmox d\u00e9butant du 23 au 25 Mars 2026. Cette formation a \u00e9t\u00e9 \u00e9labor\u00e9e par le groupe de travail Proxmox de Resinfo en partenariat avec la formation permanente de la DR12 du CNRS et le r\u00e9seau CESAR. Le nombre de places de cette formation&nbsp;est limit\u00e9e \u00e0 20 personnes. L&#8217;inscription est soumise [&hellip;]<\/p>\n","protected":false},"author":2,"featured_media":0,"parent":0,"menu_order":0,"comment_status":"closed","ping_status":"closed","template":"","meta":{"footnotes":""},"class_list":["post-185","page","type-page","status-publish","hentry","entry"],"_links":{"self":[{"href":"https:\/\/cesar.resinfo.org\/wordpress\/index.php\/wp-json\/wp\/v2\/pages\/185","targetHints":{"allow":["GET"]}}],"collection":[{"href":"https:\/\/cesar.resinfo.org\/wordpress\/index.php\/wp-json\/wp\/v2\/pages"}],"about":[{"href":"https:\/\/cesar.resinfo.org\/wordpress\/index.php\/wp-json\/wp\/v2\/types\/page"}],"author":[{"embeddable":true,"href":"https:\/\/cesar.resinfo.org\/wordpress\/index.php\/wp-json\/wp\/v2\/users\/2"}],"replies":[{"embeddable":true,"href":"https:\/\/cesar.resinfo.org\/wordpress\/index.php\/wp-json\/wp\/v2\/comments?post=185"}],"version-history":[{"count":19,"href":"https:\/\/cesar.resinfo.org\/wordpress\/index.php\/wp-json\/wp\/v2\/pages\/185\/revisions"}],"predecessor-version":[{"id":216,"href":"https:\/\/cesar.resinfo.org\/wordpress\/index.php\/wp-json\/wp\/v2\/pages\/185\/revisions\/216"}],"wp:attachment":[{"href":"https:\/\/cesar.resinfo.org\/wordpress\/index.php\/wp-json\/wp\/v2\/media?parent=185"}],"curies":[{"name":"wp","href":"https:\/\/api.w.org\/{rel}","templated":true}]}}